{"id":46,"date":"2024-05-13T15:52:11","date_gmt":"2024-05-13T15:52:11","guid":{"rendered":"http:\/\/wp.well-e.org\/?page_id=46"},"modified":"2024-08-13T15:24:31","modified_gmt":"2024-08-13T19:24:31","slug":"a-propos","status":"publish","type":"page","link":"https:\/\/wp.well-e.org\/en\/a-propos\/","title":{"rendered":"About us"},"content":{"rendered":"<h2 class=\"wp-block-heading blue has-custom-color-2-color has-text-color has-link-color wp-elements-7e0947e16536be0c1d6292b04f611925\" style=\"margin-top:var(--wp--preset--spacing--40);margin-bottom:var(--wp--preset--spacing--40)\">THE DAIRY INDUSTRY IN CANADA IS CHANGING.<br>WE'RE CHANGING WITH IT!<\/h2>\n\n\n\n<h3 class=\"wp-block-heading underline-red blue\" style=\"padding-top:var(--wp--preset--spacing--20);padding-bottom:var(--wp--preset--spacing--20)\">MISSION<\/h3>\n\n\n\n<div class=\"wp-block-group is-vertical is-layout-flex wp-container-core-group-is-layout-1f26014c wp-block-group-is-layout-flex\">\n<p class=\"wp-block-paragraph\">Growing concerns over animal welfare and environmental sustainability are driving demand for responsible animal production while economic pressure on producers mounts due to increasing input prices with little to no changes in output sale prices.<\/p>\n\n\n\n<p class=\"wp-block-paragraph\">Scientific evidence shows how animal welfare and cow longevity go hand in hand. The WELL-E research team will leverage artificial intelligence and internet of things (IoT) to detect changes in cow welfare to provide dairy producers with the information they need to improve and extend the lives of their livestock.<\/p>\n\n\n\n<p class=\"wp-block-paragraph\">Operations will initially be piloted on two research farms then expand to commercial farms across the country.<\/p>\n\n\n\n<p class=\"wp-block-paragraph\">This engagement towards the longevity and welfare of cows represents a unique opportunity for the Canadian dairy industry to showcase its leadership when it comes to improving \u2014 and ensuring \u2014 its sustainability, be it economic, environmental or social.<\/p>\n<\/div>\n\n\n\n<h3 class=\"wp-block-heading has-text-align-left underline-red blue\" style=\"padding-top:var(--wp--preset--spacing--20);padding-bottom:var(--wp--preset--spacing--20)\">PARTNERS<\/h3>\n\n\n\n<div class=\"wp-block-group is-vertical is-content-justification-center is-layout-flex wp-container-core-group-is-layout-33704652 wp-block-group-is-layout-flex\">\n<div class=\"wp-block-group is-content-justification-space-between is-nowrap is-layout-flex wp-container-core-group-is-layout-25ded0c2 wp-block-group-is-layout-flex\">\n<figure class=\"wp-block-image size-full is-resized has-custom-border is-style-default\"><a href=\"https:\/\/www.mcgill.ca\/\"><img loading=\"lazy\" decoding=\"async\" width=\"261\" height=\"66\" src=\"https:\/\/wp.well-e.org\/wp-content\/uploads\/2024\/05\/mcgill.png\" alt=\"\" class=\"wp-image-110\" style=\"border-style:none;border-width:0px;width:auto;height:75px\"\/><\/a><\/figure>\n\n\n\n<figure class=\"wp-block-image size-full is-resized\"><a href=\"https:\/\/uqam.ca\/\"><img loading=\"lazy\" decoding=\"async\" width=\"187\" height=\"62\" src=\"https:\/\/wp.well-e.org\/wp-content\/uploads\/2024\/05\/uqam.png\" alt=\"\" class=\"wp-image-115\" style=\"width:auto;height:75px\"\/><\/a><\/figure>\n\n\n\n<figure class=\"wp-block-image size-full is-resized\"><a href=\"https:\/\/www.nserc-crsng.gc.ca\/\"><img loading=\"lazy\" decoding=\"async\" width=\"176\" height=\"72\" src=\"https:\/\/wp.well-e.org\/wp-content\/uploads\/2024\/05\/nserc-crsng.png\" alt=\"\" class=\"wp-image-112\" style=\"width:auto;height:75px\"\/><\/a><\/figure>\n\n\n\n<figure class=\"wp-block-image size-full is-resized\"><a href=\"https:\/\/promptinnov.com\/\"><img loading=\"lazy\" decoding=\"async\" width=\"164\" height=\"60\" src=\"https:\/\/wp.well-e.org\/wp-content\/uploads\/2024\/05\/prompt.png\" alt=\"\" class=\"wp-image-114\" style=\"width:auto;height:75px\"\/><\/a><\/figure>\n<\/div>\n\n\n\n<div class=\"wp-block-group is-content-justification-space-between is-nowrap is-layout-flex wp-container-core-group-is-layout-25ded0c2 wp-block-group-is-layout-flex\">\n<figure class=\"wp-block-image size-full is-resized\"><a href=\"https:\/\/novalait.ca\/\"><img loading=\"lazy\" decoding=\"async\" width=\"2050\" height=\"667\" src=\"https:\/\/wp.well-e.org\/wp-content\/uploads\/2024\/05\/novalait.png\" alt=\"\" class=\"wp-image-111\" style=\"width:auto;height:75px\" srcset=\"https:\/\/wp.well-e.org\/wp-content\/uploads\/2024\/05\/novalait.png 2050w, https:\/\/wp.well-e.org\/wp-content\/uploads\/2024\/05\/novalait-300x98.png 300w, https:\/\/wp.well-e.org\/wp-content\/uploads\/2024\/05\/novalait-1024x333.png 1024w, https:\/\/wp.well-e.org\/wp-content\/uploads\/2024\/05\/novalait-768x250.png 768w, https:\/\/wp.well-e.org\/wp-content\/uploads\/2024\/05\/novalait-1536x500.png 1536w, https:\/\/wp.well-e.org\/wp-content\/uploads\/2024\/05\/novalait-2048x666.png 2048w\" sizes=\"auto, (max-width: 2050px) 100vw, 2050px\" \/><\/a><\/figure>\n\n\n\n<figure class=\"wp-block-image size-full is-resized\"><a href=\"https:\/\/dairyfarmersofcanada.ca\/\"><img loading=\"lazy\" decoding=\"async\" width=\"66\" height=\"46\" src=\"https:\/\/wp.well-e.org\/wp-content\/uploads\/2024\/05\/producteurs-laitier.png\" alt=\"\" class=\"wp-image-116\" style=\"width:auto;height:75px\"\/><\/a><\/figure>\n\n\n\n<figure class=\"wp-block-image size-full is-resized has-custom-border is-style-default\"><a href=\"https:\/\/new.milk.org\/\"><img loading=\"lazy\" decoding=\"async\" width=\"150\" height=\"151\" src=\"https:\/\/wp.well-e.org\/wp-content\/uploads\/2024\/05\/dairy-farmers.png\" alt=\"\" class=\"wp-image-109\" style=\"border-radius:0px;width:auto;height:75px\"\/><\/a><\/figure>\n\n\n\n<figure class=\"wp-block-image size-full is-resized\"><a href=\"https:\/\/www.lafamilledulait.com\/\"><img loading=\"lazy\" decoding=\"async\" width=\"219\" height=\"141\" src=\"https:\/\/wp.well-e.org\/wp-content\/uploads\/2024\/05\/producteurs-lait-qc.png\" alt=\"\" class=\"wp-image-113\" style=\"width:auto;height:75px\"\/><\/a><\/figure>\n\n\n\n<figure class=\"wp-block-image size-full is-resized\"><a href=\"https:\/\/lactanet.ca\/\"><img loading=\"lazy\" decoding=\"async\" width=\"336\" height=\"116\" src=\"https:\/\/wp.well-e.org\/wp-content\/uploads\/2024\/05\/lactanet.png\" alt=\"\" class=\"wp-image-117\" style=\"width:217px;height:auto\" srcset=\"https:\/\/wp.well-e.org\/wp-content\/uploads\/2024\/05\/lactanet.png 336w, https:\/\/wp.well-e.org\/wp-content\/uploads\/2024\/05\/lactanet-300x104.png 300w\" sizes=\"auto, (max-width: 336px) 100vw, 336px\" \/><\/a><\/figure>\n<\/div>\n<\/div>\n\n\n\n<p class=\"wp-block-paragraph\"><\/p>","protected":false},"excerpt":{"rendered":"<p>L&rsquo;INDUSTRIE LAITI\u00c8RE CANADIENNE \u00c9VOLUE.NOUS \u00c9VOLUONS AVEC ELLE! MISSION Les pr\u00e9occupations croissantes concernant le bien-\u00eatre animal et la viabilit\u00e9 \u00e9cologique stimulent la demande en mati\u00e8re de production animale responsable, tandis que la pression \u00e9conomique sur les producteurs s\u2019intensifie en raison de l\u2019augmentation des prix des intrants avec peu ou pas de changements dans les prix de [&hellip;]<\/p>\n","protected":false},"author":1,"featured_media":278,"parent":0,"menu_order":0,"comment_status":"closed","ping_status":"closed","template":"","meta":{"_acf_changed":false,"_crdt_document":"","footnotes":""},"class_list":["post-46","page","type-page","status-publish","has-post-thumbnail","hentry"],"blocksy_meta":[],"acf":[],"yoast_head":"<!-- This site is optimized with the Yoast SEO plugin v27.4 - https:\/\/yoast.com\/product\/yoast-seo-wordpress\/ -->\n<title>\u00c0 propos - WELL-E<\/title>\n<meta name=\"robots\" content=\"index, follow, max-snippet:-1, max-image-preview:large, max-video-preview:-1\" \/>\n<link rel=\"canonical\" href=\"https:\/\/wp.well-e.org\/en\/a-propos\/\" \/>\n<meta property=\"og:locale\" content=\"en_US\" \/>\n<meta property=\"og:type\" content=\"article\" \/>\n<meta property=\"og:title\" content=\"\u00c0 propos - WELL-E\" \/>\n<meta property=\"og:description\" content=\"L&rsquo;INDUSTRIE LAITI\u00c8RE CANADIENNE \u00c9VOLUE.NOUS \u00c9VOLUONS AVEC ELLE! MISSION Les pr\u00e9occupations croissantes concernant le bien-\u00eatre animal et la viabilit\u00e9 \u00e9cologique stimulent la demande en mati\u00e8re de production animale responsable, tandis que la pression \u00e9conomique sur les producteurs s\u2019intensifie en raison de l\u2019augmentation des prix des intrants avec peu ou pas de changements dans les prix de [&hellip;]\" \/>\n<meta property=\"og:url\" content=\"https:\/\/wp.well-e.org\/en\/a-propos\/\" \/>\n<meta property=\"og:site_name\" content=\"WELL-E\" \/>\n<meta property=\"article:modified_time\" content=\"2024-08-13T19:24:31+00:00\" \/>\n<meta property=\"og:image\" content=\"https:\/\/wp.well-e.org\/wp-content\/uploads\/2024\/06\/page-header-about.jpg\" \/>\n\t<meta property=\"og:image:width\" content=\"1920\" \/>\n\t<meta property=\"og:image:height\" content=\"260\" \/>\n\t<meta property=\"og:image:type\" content=\"image\/jpeg\" \/>\n<meta name=\"twitter:card\" content=\"summary_large_image\" \/>\n<meta name=\"twitter:label1\" content=\"Est. reading time\" \/>\n\t<meta name=\"twitter:data1\" content=\"1 minute\" \/>\n<script type=\"application\/ld+json\" class=\"yoast-schema-graph\">{\"@context\":\"https:\\\/\\\/schema.org\",\"@graph\":[{\"@type\":\"WebPage\",\"@id\":\"https:\\\/\\\/wp.well-e.org\\\/a-propos\\\/\",\"url\":\"https:\\\/\\\/wp.well-e.org\\\/a-propos\\\/\",\"name\":\"\u00c0 propos - WELL-E\",\"isPartOf\":{\"@id\":\"https:\\\/\\\/wp.well-e.org\\\/#website\"},\"primaryImageOfPage\":{\"@id\":\"https:\\\/\\\/wp.well-e.org\\\/a-propos\\\/#primaryimage\"},\"image\":{\"@id\":\"https:\\\/\\\/wp.well-e.org\\\/a-propos\\\/#primaryimage\"},\"thumbnailUrl\":\"https:\\\/\\\/wp.well-e.org\\\/wp-content\\\/uploads\\\/2024\\\/06\\\/page-header-about.jpg\",\"datePublished\":\"2024-05-13T15:52:11+00:00\",\"dateModified\":\"2024-08-13T19:24:31+00:00\",\"breadcrumb\":{\"@id\":\"https:\\\/\\\/wp.well-e.org\\\/a-propos\\\/#breadcrumb\"},\"inLanguage\":\"en-CA\",\"potentialAction\":[{\"@type\":\"ReadAction\",\"target\":[\"https:\\\/\\\/wp.well-e.org\\\/a-propos\\\/\"]}]},{\"@type\":\"ImageObject\",\"inLanguage\":\"en-CA\",\"@id\":\"https:\\\/\\\/wp.well-e.org\\\/a-propos\\\/#primaryimage\",\"url\":\"https:\\\/\\\/wp.well-e.org\\\/wp-content\\\/uploads\\\/2024\\\/06\\\/page-header-about.jpg\",\"contentUrl\":\"https:\\\/\\\/wp.well-e.org\\\/wp-content\\\/uploads\\\/2024\\\/06\\\/page-header-about.jpg\",\"width\":1920,\"height\":260},{\"@type\":\"BreadcrumbList\",\"@id\":\"https:\\\/\\\/wp.well-e.org\\\/a-propos\\\/#breadcrumb\",\"itemListElement\":[{\"@type\":\"ListItem\",\"position\":1,\"name\":\"Home\",\"item\":\"https:\\\/\\\/wp.well-e.org\\\/\"},{\"@type\":\"ListItem\",\"position\":2,\"name\":\"\u00c0 propos\"}]},{\"@type\":\"WebSite\",\"@id\":\"https:\\\/\\\/wp.well-e.org\\\/#website\",\"url\":\"https:\\\/\\\/wp.well-e.org\\\/\",\"name\":\"WELL-E\",\"description\":\"IA au service du bien-&ecirc;tre animal\",\"publisher\":{\"@id\":\"https:\\\/\\\/wp.well-e.org\\\/#organization\"},\"potentialAction\":[{\"@type\":\"SearchAction\",\"target\":{\"@type\":\"EntryPoint\",\"urlTemplate\":\"https:\\\/\\\/wp.well-e.org\\\/?s={search_term_string}\"},\"query-input\":{\"@type\":\"PropertyValueSpecification\",\"valueRequired\":true,\"valueName\":\"search_term_string\"}}],\"inLanguage\":\"en-CA\"},{\"@type\":\"Organization\",\"@id\":\"https:\\\/\\\/wp.well-e.org\\\/#organization\",\"name\":\"WELL-E\",\"url\":\"https:\\\/\\\/wp.well-e.org\\\/\",\"logo\":{\"@type\":\"ImageObject\",\"inLanguage\":\"en-CA\",\"@id\":\"https:\\\/\\\/wp.well-e.org\\\/#\\\/schema\\\/logo\\\/image\\\/\",\"url\":\"https:\\\/\\\/wp.well-e.org\\\/wp-content\\\/uploads\\\/2024\\\/05\\\/LOGOTYPETAG_Left_RVB_FR-edited-1-e1718738358443.png\",\"contentUrl\":\"https:\\\/\\\/wp.well-e.org\\\/wp-content\\\/uploads\\\/2024\\\/05\\\/LOGOTYPETAG_Left_RVB_FR-edited-1-e1718738358443.png\",\"width\":1000,\"height\":250,\"caption\":\"WELL-E\"},\"image\":{\"@id\":\"https:\\\/\\\/wp.well-e.org\\\/#\\\/schema\\\/logo\\\/image\\\/\"},\"sameAs\":[\"https:\\\/\\\/www.linkedin.com\\\/company\\\/research-and-innovation-chair-in-animal-welfare-and-artificial-intelligence-well-e\"]}]}<\/script>\n<!-- \/ Yoast SEO plugin. -->","yoast_head_json":{"title":"\u00c0 propos - WELL-E","robots":{"index":"index","follow":"follow","max-snippet":"max-snippet:-1","max-image-preview":"max-image-preview:large","max-video-preview":"max-video-preview:-1"},"canonical":"https:\/\/wp.well-e.org\/en\/a-propos\/","og_locale":"en_US","og_type":"article","og_title":"\u00c0 propos - WELL-E","og_description":"L&rsquo;INDUSTRIE LAITI\u00c8RE CANADIENNE \u00c9VOLUE.NOUS \u00c9VOLUONS AVEC ELLE! MISSION Les pr\u00e9occupations croissantes concernant le bien-\u00eatre animal et la viabilit\u00e9 \u00e9cologique stimulent la demande en mati\u00e8re de production animale responsable, tandis que la pression \u00e9conomique sur les producteurs s\u2019intensifie en raison de l\u2019augmentation des prix des intrants avec peu ou pas de changements dans les prix de [&hellip;]","og_url":"https:\/\/wp.well-e.org\/en\/a-propos\/","og_site_name":"WELL-E","article_modified_time":"2024-08-13T19:24:31+00:00","og_image":[{"width":1920,"height":260,"url":"https:\/\/wp.well-e.org\/wp-content\/uploads\/2024\/06\/page-header-about.jpg","type":"image\/jpeg"}],"twitter_card":"summary_large_image","twitter_misc":{"Est. reading time":"1 minute"},"schema":{"@context":"https:\/\/schema.org","@graph":[{"@type":"WebPage","@id":"https:\/\/wp.well-e.org\/a-propos\/","url":"https:\/\/wp.well-e.org\/a-propos\/","name":"\u00c0 propos - WELL-E","isPartOf":{"@id":"https:\/\/wp.well-e.org\/#website"},"primaryImageOfPage":{"@id":"https:\/\/wp.well-e.org\/a-propos\/#primaryimage"},"image":{"@id":"https:\/\/wp.well-e.org\/a-propos\/#primaryimage"},"thumbnailUrl":"https:\/\/wp.well-e.org\/wp-content\/uploads\/2024\/06\/page-header-about.jpg","datePublished":"2024-05-13T15:52:11+00:00","dateModified":"2024-08-13T19:24:31+00:00","breadcrumb":{"@id":"https:\/\/wp.well-e.org\/a-propos\/#breadcrumb"},"inLanguage":"en-CA","potentialAction":[{"@type":"ReadAction","target":["https:\/\/wp.well-e.org\/a-propos\/"]}]},{"@type":"ImageObject","inLanguage":"en-CA","@id":"https:\/\/wp.well-e.org\/a-propos\/#primaryimage","url":"https:\/\/wp.well-e.org\/wp-content\/uploads\/2024\/06\/page-header-about.jpg","contentUrl":"https:\/\/wp.well-e.org\/wp-content\/uploads\/2024\/06\/page-header-about.jpg","width":1920,"height":260},{"@type":"BreadcrumbList","@id":"https:\/\/wp.well-e.org\/a-propos\/#breadcrumb","itemListElement":[{"@type":"ListItem","position":1,"name":"Home","item":"https:\/\/wp.well-e.org\/"},{"@type":"ListItem","position":2,"name":"\u00c0 propos"}]},{"@type":"WebSite","@id":"https:\/\/wp.well-e.org\/#website","url":"https:\/\/wp.well-e.org\/","name":"WELL-E","description":"IA au service du bien-&ecirc;tre animal","publisher":{"@id":"https:\/\/wp.well-e.org\/#organization"},"potentialAction":[{"@type":"SearchAction","target":{"@type":"EntryPoint","urlTemplate":"https:\/\/wp.well-e.org\/?s={search_term_string}"},"query-input":{"@type":"PropertyValueSpecification","valueRequired":true,"valueName":"search_term_string"}}],"inLanguage":"en-CA"},{"@type":"Organization","@id":"https:\/\/wp.well-e.org\/#organization","name":"WELL-E","url":"https:\/\/wp.well-e.org\/","logo":{"@type":"ImageObject","inLanguage":"en-CA","@id":"https:\/\/wp.well-e.org\/#\/schema\/logo\/image\/","url":"https:\/\/wp.well-e.org\/wp-content\/uploads\/2024\/05\/LOGOTYPETAG_Left_RVB_FR-edited-1-e1718738358443.png","contentUrl":"https:\/\/wp.well-e.org\/wp-content\/uploads\/2024\/05\/LOGOTYPETAG_Left_RVB_FR-edited-1-e1718738358443.png","width":1000,"height":250,"caption":"WELL-E"},"image":{"@id":"https:\/\/wp.well-e.org\/#\/schema\/logo\/image\/"},"sameAs":["https:\/\/www.linkedin.com\/company\/research-and-innovation-chair-in-animal-welfare-and-artificial-intelligence-well-e"]}]}},"_links":{"self":[{"href":"https:\/\/wp.well-e.org\/en\/wp-json\/wp\/v2\/pages\/46","targetHints":{"allow":["GET"]}}],"collection":[{"href":"https:\/\/wp.well-e.org\/en\/wp-json\/wp\/v2\/pages"}],"about":[{"href":"https:\/\/wp.well-e.org\/en\/wp-json\/wp\/v2\/types\/page"}],"author":[{"embeddable":true,"href":"https:\/\/wp.well-e.org\/en\/wp-json\/wp\/v2\/users\/1"}],"replies":[{"embeddable":true,"href":"https:\/\/wp.well-e.org\/en\/wp-json\/wp\/v2\/comments?post=46"}],"version-history":[{"count":27,"href":"https:\/\/wp.well-e.org\/en\/wp-json\/wp\/v2\/pages\/46\/revisions"}],"predecessor-version":[{"id":982,"href":"https:\/\/wp.well-e.org\/en\/wp-json\/wp\/v2\/pages\/46\/revisions\/982"}],"wp:featuredmedia":[{"embeddable":true,"href":"https:\/\/wp.well-e.org\/en\/wp-json\/wp\/v2\/media\/278"}],"wp:attachment":[{"href":"https:\/\/wp.well-e.org\/en\/wp-json\/wp\/v2\/media?parent=46"}],"curies":[{"name":"wp","href":"https:\/\/api.w.org\/{rel}","templated":true}]}}