{"id":54,"date":"2024-05-13T15:53:21","date_gmt":"2024-05-13T15:53:21","guid":{"rendered":"http:\/\/wp.well-e.org\/?page_id=54"},"modified":"2024-09-18T16:29:06","modified_gmt":"2024-09-18T20:29:06","slug":"co-titulaires-de-la-chaire","status":"publish","type":"page","link":"https:\/\/wp.well-e.org\/en\/co-titulaires-de-la-chaire\/","title":{"rendered":"Governance"},"content":{"rendered":"<h2 class=\"wp-block-heading underline-red blue\" style=\"margin-top:var(--wp--preset--spacing--40);margin-bottom:var(--wp--preset--spacing--40)\"><strong>Co-chair holders<\/strong><\/h2>\n\n\n\n<div class=\"wp-block-columns alignfull has-background is-layout-flex wp-container-core-columns-is-layout-995f960e wp-block-columns-is-layout-flex\" style=\"background-color:#CFE6FA\">\n<div class=\"wp-block-column is-vertically-aligned-center is-layout-flow wp-block-column-is-layout-flow\" style=\"flex-basis:50%\">\n<figure class=\"wp-block-image aligncenter size-full is-resized has-custom-border is-style-rounded wp-duotone-unset-1\"><img loading=\"lazy\" decoding=\"async\" width=\"500\" height=\"500\" src=\"https:\/\/wp.well-e.org\/wp-content\/uploads\/2024\/06\/Abdoulaye_Headshot_1-e1718742062870.jpg\" alt=\"\" class=\"has-border-color has-custom-color-1-border-color wp-image-352\" style=\"border-width:8px;aspect-ratio:1;object-fit:cover;width:400px;height:auto\" srcset=\"https:\/\/wp.well-e.org\/wp-content\/uploads\/2024\/06\/Abdoulaye_Headshot_1-e1718742062870.jpg 500w, https:\/\/wp.well-e.org\/wp-content\/uploads\/2024\/06\/Abdoulaye_Headshot_1-e1718742062870-300x300.jpg 300w, https:\/\/wp.well-e.org\/wp-content\/uploads\/2024\/06\/Abdoulaye_Headshot_1-e1718742062870-150x150.jpg 150w, https:\/\/wp.well-e.org\/wp-content\/uploads\/2024\/06\/Abdoulaye_Headshot_1-e1718742062870-12x12.jpg 12w\" sizes=\"auto, (max-width: 500px) 100vw, 500px\" \/><\/figure>\n<\/div>\n\n\n\n<div class=\"wp-block-column is-vertically-aligned-top is-layout-flow wp-block-column-is-layout-flow\" style=\"flex-basis:50%\">\n<div class=\"wp-block-group is-vertical is-layout-flex wp-container-core-group-is-layout-1f26014c wp-block-group-is-layout-flex\">\n<h3 class=\"wp-block-heading has-text-align-left blue\">Abdoulaye Banir\u00e9 Diallo<\/h3>\n\n\n\n<div class=\"wp-block-group is-nowrap is-layout-flex wp-container-core-group-is-layout-995f960e wp-block-group-is-layout-flex\">\n<figure class=\"wp-block-image size-full is-resized\"><a href=\"https:\/\/diallolab.com\/\"><img loading=\"lazy\" decoding=\"async\" width=\"1293\" height=\"1080\" src=\"https:\/\/wp.well-e.org\/wp-content\/uploads\/2024\/06\/laboBioinfoUQAM.png\" alt=\"\" class=\"wp-image-354\" style=\"aspect-ratio:1;object-fit:contain;width:150px\" srcset=\"https:\/\/wp.well-e.org\/wp-content\/uploads\/2024\/06\/laboBioinfoUQAM.png 1293w, https:\/\/wp.well-e.org\/wp-content\/uploads\/2024\/06\/laboBioinfoUQAM-300x251.png 300w, https:\/\/wp.well-e.org\/wp-content\/uploads\/2024\/06\/laboBioinfoUQAM-1024x855.png 1024w, https:\/\/wp.well-e.org\/wp-content\/uploads\/2024\/06\/laboBioinfoUQAM-768x641.png 768w, https:\/\/wp.well-e.org\/wp-content\/uploads\/2024\/06\/laboBioinfoUQAM-14x12.png 14w\" sizes=\"auto, (max-width: 1293px) 100vw, 1293px\" \/><\/a><\/figure>\n\n\n\n<figure class=\"wp-block-image size-full is-resized\"><a href=\"https:\/\/uqam.ca\/\"><img loading=\"lazy\" decoding=\"async\" width=\"187\" height=\"62\" src=\"https:\/\/wp.well-e.org\/wp-content\/uploads\/2024\/05\/uqam.png\" alt=\"\" class=\"wp-image-115\" style=\"width:auto;height:50px\"\/><\/a><\/figure>\n<\/div>\n\n\n\n<p class=\"wp-block-paragraph\">Abdoulaye Banir\u00e9 Diallo is an Associate Professor of Computer Science and Bioinformatics at Universit\u00e9 du Qu\u00e9bec \u00e0 Montr\u00e9al (UQAM). He founded the Laboratoire de bioinformatique at UQ\u00c0M in 2007. His research focuses on the design of algorithms and methods for heterogeneous biological data integration and analyses. Abdoulaye holds a Ph.D. in computer science from McGill University. He is a former research associate at the Broad Institute of MIT and Harvard and postdoctoral scholar at the Computer Science and Artificial Intelligence Laboratory of MIT.<\/p>\n<\/div>\n<\/div>\n<\/div>\n\n\n\n<div class=\"wp-block-columns alignfull has-background is-layout-flex wp-container-core-columns-is-layout-995f960e wp-block-columns-is-layout-flex\" style=\"background-color:#fbd1d5\">\n<div class=\"wp-block-column is-vertically-aligned-center is-layout-flow wp-block-column-is-layout-flow\" style=\"flex-basis:50%\">\n<figure class=\"wp-block-image aligncenter size-full is-resized has-custom-border is-style-rounded wp-duotone-unset-2\"><img loading=\"lazy\" decoding=\"async\" width=\"500\" height=\"500\" src=\"https:\/\/wp.well-e.org\/wp-content\/uploads\/2024\/06\/Vasseur_Elsa_AlexTranPhoto_2023-scaled-e1718742414725.jpg\" alt=\"\" class=\"has-border-color has-custom-color-1-border-color wp-image-353\" style=\"border-width:8px;aspect-ratio:1;object-fit:cover;width:400px\"\/><\/figure>\n<\/div>\n\n\n\n<div class=\"wp-block-column is-layout-flow wp-block-column-is-layout-flow\" style=\"flex-basis:50%\">\n<div class=\"wp-block-group is-vertical is-layout-flex wp-container-core-group-is-layout-1f26014c wp-block-group-is-layout-flex\">\n<h3 class=\"wp-block-heading red\">Elsa Vasseur<\/h3>\n\n\n\n<div class=\"wp-block-group is-nowrap is-layout-flex wp-container-core-group-is-layout-995f960e wp-block-group-is-layout-flex\">\n<figure class=\"wp-block-image size-full is-resized\"><a href=\"https:\/\/www.cowlifemcgill.com\/\"><img loading=\"lazy\" decoding=\"async\" width=\"1669\" height=\"1021\" src=\"https:\/\/wp.well-e.org\/wp-content\/uploads\/2024\/06\/cowlife.png\" alt=\"\" class=\"wp-image-355\" style=\"aspect-ratio:1;object-fit:contain;width:150px\" srcset=\"https:\/\/wp.well-e.org\/wp-content\/uploads\/2024\/06\/cowlife.png 1669w, https:\/\/wp.well-e.org\/wp-content\/uploads\/2024\/06\/cowlife-300x184.png 300w, https:\/\/wp.well-e.org\/wp-content\/uploads\/2024\/06\/cowlife-1024x626.png 1024w, https:\/\/wp.well-e.org\/wp-content\/uploads\/2024\/06\/cowlife-768x470.png 768w, https:\/\/wp.well-e.org\/wp-content\/uploads\/2024\/06\/cowlife-1536x940.png 1536w, https:\/\/wp.well-e.org\/wp-content\/uploads\/2024\/06\/cowlife-18x12.png 18w\" sizes=\"auto, (max-width: 1669px) 100vw, 1669px\" \/><\/a><\/figure>\n\n\n\n<figure class=\"wp-block-image size-full is-resized\"><a href=\"https:\/\/www.mcgill.ca\/\"><img loading=\"lazy\" decoding=\"async\" width=\"261\" height=\"66\" src=\"https:\/\/wp.well-e.org\/wp-content\/uploads\/2024\/05\/mcgill.png\" alt=\"\" class=\"wp-image-110\" style=\"width:auto;height:50px\"\/><\/a><\/figure>\n<\/div>\n\n\n\n<p class=\"wp-block-paragraph\">Elsa Vasseur is an Associate Professor in the Department of Animal Science at McGill University, McGill-William Dawson Fellow, and co-chair of WELL-E. Her research centers on animal behaviour and welfare and their association with livestock sustainability farming, in national and international contexts. She founded the CowLife McGill Lab in 2016, upon the creation of the NSERC Industrial Research Chair Novalait-Dairy Farmers of Canada-Valacta on Sustainable Life of Dairy Cattle.<\/p>\n<\/div>\n<\/div>\n<\/div>\n\n\n\n<p class=\"wp-block-paragraph\"><\/p>","protected":false},"excerpt":{"rendered":"<p>Abdoulaye Banir\u00e9 Diallo Abdoulaye est Professeur en informatique et bio-informatique \u00e0 l\u2019UQ\u00c0M. Il a fond\u00e9 le Laboratoire de bio-informatique de l\u2019UQ\u00c0M en 2007. Ses recherches se concentrent sur la conception d\u2019algorithmes et de m\u00e9thodes pour l\u2019int\u00e9gration et l\u2019analyse de donn\u00e9es biologiques h\u00e9t\u00e9rog\u00e8nes. Abdoulaye d\u00e9tient un doctorat en informatique de l\u2019Universit\u00e9 McGill. Il a \u00e9t\u00e9 chercheur [&hellip;]<\/p>\n","protected":false},"author":1,"featured_media":351,"parent":0,"menu_order":0,"comment_status":"closed","ping_status":"closed","template":"","meta":{"_acf_changed":false,"_crdt_document":"","footnotes":""},"class_list":["post-54","page","type-page","status-publish","has-post-thumbnail","hentry"],"blocksy_meta":[],"acf":[],"yoast_head":"<!-- This site is optimized with the Yoast SEO plugin v27.4 - https:\/\/yoast.com\/product\/yoast-seo-wordpress\/ -->\n<title>Gouvernance - WELL-E<\/title>\n<meta name=\"robots\" content=\"index, follow, max-snippet:-1, max-image-preview:large, max-video-preview:-1\" \/>\n<link rel=\"canonical\" href=\"https:\/\/wp.well-e.org\/en\/co-titulaires-de-la-chaire\/\" \/>\n<meta property=\"og:locale\" content=\"en_US\" \/>\n<meta property=\"og:type\" content=\"article\" \/>\n<meta property=\"og:title\" content=\"Gouvernance - WELL-E\" \/>\n<meta property=\"og:description\" content=\"Abdoulaye Banir\u00e9 Diallo Abdoulaye est Professeur en informatique et bio-informatique \u00e0 l\u2019UQ\u00c0M. Il a fond\u00e9 le Laboratoire de bio-informatique de l\u2019UQ\u00c0M en 2007. Ses recherches se concentrent sur la conception d\u2019algorithmes et de m\u00e9thodes pour l\u2019int\u00e9gration et l\u2019analyse de donn\u00e9es biologiques h\u00e9t\u00e9rog\u00e8nes. Abdoulaye d\u00e9tient un doctorat en informatique de l\u2019Universit\u00e9 McGill. Il a \u00e9t\u00e9 chercheur [&hellip;]\" \/>\n<meta property=\"og:url\" content=\"https:\/\/wp.well-e.org\/en\/co-titulaires-de-la-chaire\/\" \/>\n<meta property=\"og:site_name\" content=\"WELL-E\" \/>\n<meta property=\"article:modified_time\" content=\"2024-09-18T20:29:06+00:00\" \/>\n<meta property=\"og:image\" content=\"https:\/\/wp.well-e.org\/wp-content\/uploads\/2024\/06\/page-header-governance.jpg\" \/>\n\t<meta property=\"og:image:width\" content=\"1920\" \/>\n\t<meta property=\"og:image:height\" content=\"260\" \/>\n\t<meta property=\"og:image:type\" content=\"image\/jpeg\" \/>\n<meta name=\"twitter:card\" content=\"summary_large_image\" \/>\n<meta name=\"twitter:label1\" content=\"Est. reading time\" \/>\n\t<meta name=\"twitter:data1\" content=\"1 minute\" \/>\n<script type=\"application\/ld+json\" class=\"yoast-schema-graph\">{\"@context\":\"https:\\\/\\\/schema.org\",\"@graph\":[{\"@type\":\"WebPage\",\"@id\":\"https:\\\/\\\/wp.well-e.org\\\/co-titulaires-de-la-chaire\\\/\",\"url\":\"https:\\\/\\\/wp.well-e.org\\\/co-titulaires-de-la-chaire\\\/\",\"name\":\"Gouvernance - WELL-E\",\"isPartOf\":{\"@id\":\"https:\\\/\\\/wp.well-e.org\\\/#website\"},\"primaryImageOfPage\":{\"@id\":\"https:\\\/\\\/wp.well-e.org\\\/co-titulaires-de-la-chaire\\\/#primaryimage\"},\"image\":{\"@id\":\"https:\\\/\\\/wp.well-e.org\\\/co-titulaires-de-la-chaire\\\/#primaryimage\"},\"thumbnailUrl\":\"https:\\\/\\\/wp.well-e.org\\\/wp-content\\\/uploads\\\/2024\\\/06\\\/page-header-governance.jpg\",\"datePublished\":\"2024-05-13T15:53:21+00:00\",\"dateModified\":\"2024-09-18T20:29:06+00:00\",\"breadcrumb\":{\"@id\":\"https:\\\/\\\/wp.well-e.org\\\/co-titulaires-de-la-chaire\\\/#breadcrumb\"},\"inLanguage\":\"en-CA\",\"potentialAction\":[{\"@type\":\"ReadAction\",\"target\":[\"https:\\\/\\\/wp.well-e.org\\\/co-titulaires-de-la-chaire\\\/\"]}]},{\"@type\":\"ImageObject\",\"inLanguage\":\"en-CA\",\"@id\":\"https:\\\/\\\/wp.well-e.org\\\/co-titulaires-de-la-chaire\\\/#primaryimage\",\"url\":\"https:\\\/\\\/wp.well-e.org\\\/wp-content\\\/uploads\\\/2024\\\/06\\\/page-header-governance.jpg\",\"contentUrl\":\"https:\\\/\\\/wp.well-e.org\\\/wp-content\\\/uploads\\\/2024\\\/06\\\/page-header-governance.jpg\",\"width\":1920,\"height\":260},{\"@type\":\"BreadcrumbList\",\"@id\":\"https:\\\/\\\/wp.well-e.org\\\/co-titulaires-de-la-chaire\\\/#breadcrumb\",\"itemListElement\":[{\"@type\":\"ListItem\",\"position\":1,\"name\":\"Home\",\"item\":\"https:\\\/\\\/wp.well-e.org\\\/\"},{\"@type\":\"ListItem\",\"position\":2,\"name\":\"Gouvernance\"}]},{\"@type\":\"WebSite\",\"@id\":\"https:\\\/\\\/wp.well-e.org\\\/#website\",\"url\":\"https:\\\/\\\/wp.well-e.org\\\/\",\"name\":\"WELL-E\",\"description\":\"IA au service du bien-&ecirc;tre animal\",\"publisher\":{\"@id\":\"https:\\\/\\\/wp.well-e.org\\\/#organization\"},\"potentialAction\":[{\"@type\":\"SearchAction\",\"target\":{\"@type\":\"EntryPoint\",\"urlTemplate\":\"https:\\\/\\\/wp.well-e.org\\\/?s={search_term_string}\"},\"query-input\":{\"@type\":\"PropertyValueSpecification\",\"valueRequired\":true,\"valueName\":\"search_term_string\"}}],\"inLanguage\":\"en-CA\"},{\"@type\":\"Organization\",\"@id\":\"https:\\\/\\\/wp.well-e.org\\\/#organization\",\"name\":\"WELL-E\",\"url\":\"https:\\\/\\\/wp.well-e.org\\\/\",\"logo\":{\"@type\":\"ImageObject\",\"inLanguage\":\"en-CA\",\"@id\":\"https:\\\/\\\/wp.well-e.org\\\/#\\\/schema\\\/logo\\\/image\\\/\",\"url\":\"https:\\\/\\\/wp.well-e.org\\\/wp-content\\\/uploads\\\/2024\\\/05\\\/LOGOTYPETAG_Left_RVB_FR-edited-1-e1718738358443.png\",\"contentUrl\":\"https:\\\/\\\/wp.well-e.org\\\/wp-content\\\/uploads\\\/2024\\\/05\\\/LOGOTYPETAG_Left_RVB_FR-edited-1-e1718738358443.png\",\"width\":1000,\"height\":250,\"caption\":\"WELL-E\"},\"image\":{\"@id\":\"https:\\\/\\\/wp.well-e.org\\\/#\\\/schema\\\/logo\\\/image\\\/\"},\"sameAs\":[\"https:\\\/\\\/www.linkedin.com\\\/company\\\/research-and-innovation-chair-in-animal-welfare-and-artificial-intelligence-well-e\"]}]}<\/script>\n<!-- \/ Yoast SEO plugin. -->","yoast_head_json":{"title":"Gouvernance - WELL-E","robots":{"index":"index","follow":"follow","max-snippet":"max-snippet:-1","max-image-preview":"max-image-preview:large","max-video-preview":"max-video-preview:-1"},"canonical":"https:\/\/wp.well-e.org\/en\/co-titulaires-de-la-chaire\/","og_locale":"en_US","og_type":"article","og_title":"Gouvernance - WELL-E","og_description":"Abdoulaye Banir\u00e9 Diallo Abdoulaye est Professeur en informatique et bio-informatique \u00e0 l\u2019UQ\u00c0M. Il a fond\u00e9 le Laboratoire de bio-informatique de l\u2019UQ\u00c0M en 2007. Ses recherches se concentrent sur la conception d\u2019algorithmes et de m\u00e9thodes pour l\u2019int\u00e9gration et l\u2019analyse de donn\u00e9es biologiques h\u00e9t\u00e9rog\u00e8nes. Abdoulaye d\u00e9tient un doctorat en informatique de l\u2019Universit\u00e9 McGill. Il a \u00e9t\u00e9 chercheur [&hellip;]","og_url":"https:\/\/wp.well-e.org\/en\/co-titulaires-de-la-chaire\/","og_site_name":"WELL-E","article_modified_time":"2024-09-18T20:29:06+00:00","og_image":[{"width":1920,"height":260,"url":"https:\/\/wp.well-e.org\/wp-content\/uploads\/2024\/06\/page-header-governance.jpg","type":"image\/jpeg"}],"twitter_card":"summary_large_image","twitter_misc":{"Est. reading time":"1 minute"},"schema":{"@context":"https:\/\/schema.org","@graph":[{"@type":"WebPage","@id":"https:\/\/wp.well-e.org\/co-titulaires-de-la-chaire\/","url":"https:\/\/wp.well-e.org\/co-titulaires-de-la-chaire\/","name":"Gouvernance - WELL-E","isPartOf":{"@id":"https:\/\/wp.well-e.org\/#website"},"primaryImageOfPage":{"@id":"https:\/\/wp.well-e.org\/co-titulaires-de-la-chaire\/#primaryimage"},"image":{"@id":"https:\/\/wp.well-e.org\/co-titulaires-de-la-chaire\/#primaryimage"},"thumbnailUrl":"https:\/\/wp.well-e.org\/wp-content\/uploads\/2024\/06\/page-header-governance.jpg","datePublished":"2024-05-13T15:53:21+00:00","dateModified":"2024-09-18T20:29:06+00:00","breadcrumb":{"@id":"https:\/\/wp.well-e.org\/co-titulaires-de-la-chaire\/#breadcrumb"},"inLanguage":"en-CA","potentialAction":[{"@type":"ReadAction","target":["https:\/\/wp.well-e.org\/co-titulaires-de-la-chaire\/"]}]},{"@type":"ImageObject","inLanguage":"en-CA","@id":"https:\/\/wp.well-e.org\/co-titulaires-de-la-chaire\/#primaryimage","url":"https:\/\/wp.well-e.org\/wp-content\/uploads\/2024\/06\/page-header-governance.jpg","contentUrl":"https:\/\/wp.well-e.org\/wp-content\/uploads\/2024\/06\/page-header-governance.jpg","width":1920,"height":260},{"@type":"BreadcrumbList","@id":"https:\/\/wp.well-e.org\/co-titulaires-de-la-chaire\/#breadcrumb","itemListElement":[{"@type":"ListItem","position":1,"name":"Home","item":"https:\/\/wp.well-e.org\/"},{"@type":"ListItem","position":2,"name":"Gouvernance"}]},{"@type":"WebSite","@id":"https:\/\/wp.well-e.org\/#website","url":"https:\/\/wp.well-e.org\/","name":"WELL-E","description":"IA au service du bien-&ecirc;tre animal","publisher":{"@id":"https:\/\/wp.well-e.org\/#organization"},"potentialAction":[{"@type":"SearchAction","target":{"@type":"EntryPoint","urlTemplate":"https:\/\/wp.well-e.org\/?s={search_term_string}"},"query-input":{"@type":"PropertyValueSpecification","valueRequired":true,"valueName":"search_term_string"}}],"inLanguage":"en-CA"},{"@type":"Organization","@id":"https:\/\/wp.well-e.org\/#organization","name":"WELL-E","url":"https:\/\/wp.well-e.org\/","logo":{"@type":"ImageObject","inLanguage":"en-CA","@id":"https:\/\/wp.well-e.org\/#\/schema\/logo\/image\/","url":"https:\/\/wp.well-e.org\/wp-content\/uploads\/2024\/05\/LOGOTYPETAG_Left_RVB_FR-edited-1-e1718738358443.png","contentUrl":"https:\/\/wp.well-e.org\/wp-content\/uploads\/2024\/05\/LOGOTYPETAG_Left_RVB_FR-edited-1-e1718738358443.png","width":1000,"height":250,"caption":"WELL-E"},"image":{"@id":"https:\/\/wp.well-e.org\/#\/schema\/logo\/image\/"},"sameAs":["https:\/\/www.linkedin.com\/company\/research-and-innovation-chair-in-animal-welfare-and-artificial-intelligence-well-e"]}]}},"_links":{"self":[{"href":"https:\/\/wp.well-e.org\/en\/wp-json\/wp\/v2\/pages\/54","targetHints":{"allow":["GET"]}}],"collection":[{"href":"https:\/\/wp.well-e.org\/en\/wp-json\/wp\/v2\/pages"}],"about":[{"href":"https:\/\/wp.well-e.org\/en\/wp-json\/wp\/v2\/types\/page"}],"author":[{"embeddable":true,"href":"https:\/\/wp.well-e.org\/en\/wp-json\/wp\/v2\/users\/1"}],"replies":[{"embeddable":true,"href":"https:\/\/wp.well-e.org\/en\/wp-json\/wp\/v2\/comments?post=54"}],"version-history":[{"count":30,"href":"https:\/\/wp.well-e.org\/en\/wp-json\/wp\/v2\/pages\/54\/revisions"}],"predecessor-version":[{"id":1097,"href":"https:\/\/wp.well-e.org\/en\/wp-json\/wp\/v2\/pages\/54\/revisions\/1097"}],"wp:featuredmedia":[{"embeddable":true,"href":"https:\/\/wp.well-e.org\/en\/wp-json\/wp\/v2\/media\/351"}],"wp:attachment":[{"href":"https:\/\/wp.well-e.org\/en\/wp-json\/wp\/v2\/media?parent=54"}],"curies":[{"name":"wp","href":"https:\/\/api.w.org\/{rel}","templated":true}]}}