{"id":2112,"date":"2025-11-07T16:06:35","date_gmt":"2025-11-07T21:06:35","guid":{"rendered":"https:\/\/wp.well-e.org\/?page_id=2112"},"modified":"2025-11-18T11:50:59","modified_gmt":"2025-11-18T16:50:59","slug":"research-reports","status":"publish","type":"page","link":"https:\/\/wp.well-e.org\/fr\/research-reports\/","title":{"rendered":"Rapports de Recherche"},"content":{"rendered":"\n<h2 class=\"wp-block-heading underline-red blue\">Rapports de Recherche<\/h2>\n\n\n\n<acf-card-691c9ae65f1c7 class=\"acf-card acf-card--id--691c9ae65f1c7\"><div class=\"acf-card__items\"><acf-view-691c99952a8db class=\"acf-view acf-view--id--691c99952a8db acf-view--object-id--2116\"><div class=\"acf-view__research-report\"><p class=\"acf-view__research-report-title\">    <a target=\"_blank\" class=\"acf-view__research-report-pdf-url\" href=\"https:\/\/wp.well-e.org\/wp-content\/uploads\/2025\/11\/Rapport-de-Recherche-FR.pdf\">D\u00e9veloppements sur la d\u00e9marche des vaches<\/a>        <div class=\"acf-view__research-report-issue-info\">    Research Report Issue 1 - 2025    <\/div>        <\/p><a target=\"_blank\" class=\"acf-view__research-report-pdf-url\" href=\"https:\/\/wp.well-e.org\/wp-content\/uploads\/2025\/11\/Rapport-de-Recherche-FR.pdf\"><\/a><div class=\"acf-view__research-report-summary\">La boiterie est une pr\u00e9occupation majeure pour les producteurs laitiers, et constitue l\u2019une des principales raisons pour lesquelles les vaches sont retir\u00e9es de leur troupeau. \r<br\/>Chez WELL-E, nous travaillons \u00e0 pr\u00e9dire rapidement et avec plus de pr\u00e9cision les changements dans la d\u00e9marche des vaches, avant l\u2019apparition de sympt\u00f4mes n\u00e9cessitant un traitement, souvent co\u00fbteux et parfois\r<br\/>inefficace. \r<br\/>Au cours des dix derni\u00e8res ann\u00e9es, les membres de notre \u00e9quipe ont mis \u00e0 l\u2019essai diverses technologies et d\u00e9velopp\u00e9 des outils de pointe dans le cadre d\u2019\u00e9tudes sur la sant\u00e9 des sabots et des membres des vaches, dans des conditions d\u2019exercice.<\/div><p class=\"acf-view__research-report-publication-date\">    <p><\/p>    Date de publication: novembre 7, 2025<\/p><a target=\"_self\" class=\"acf-view__research-report-url\" href=\"https:\/\/wp.well-e.org\/research-report\/developpements-sur-la-demarche-des-vaches\"><\/a><\/div><div>    <p><\/p><\/div><\/acf-view-691c99952a8db><\/div><\/acf-card-691c9ae65f1c7>\n\n\n\n<p class=\"wp-block-paragraph\"><\/p>\n","protected":false},"excerpt":{"rendered":"<p>Rapports de Recherche<\/p>\n","protected":false},"author":1,"featured_media":0,"parent":0,"menu_order":0,"comment_status":"closed","ping_status":"closed","template":"","meta":{"_acf_changed":false,"_crdt_document":"","footnotes":""},"class_list":["post-2112","page","type-page","status-publish","hentry"],"blocksy_meta":[],"acf":[],"yoast_head":"<!-- This site is optimized with the Yoast SEO plugin v27.5 - https:\/\/yoast.com\/product\/yoast-seo-wordpress\/ -->\n<title>Rapports de Recherche - WELL-E<\/title>\n<meta name=\"robots\" content=\"index, follow, max-snippet:-1, max-image-preview:large, max-video-preview:-1\" \/>\n<link rel=\"canonical\" href=\"https:\/\/wp.well-e.org\/fr\/research-reports\/\" \/>\n<meta property=\"og:locale\" content=\"fr_CA\" \/>\n<meta property=\"og:type\" content=\"article\" \/>\n<meta property=\"og:title\" content=\"Rapports de Recherche - WELL-E\" \/>\n<meta property=\"og:description\" content=\"Rapports de Recherche\" \/>\n<meta property=\"og:url\" content=\"https:\/\/wp.well-e.org\/fr\/research-reports\/\" \/>\n<meta property=\"og:site_name\" content=\"WELL-E\" \/>\n<meta property=\"article:modified_time\" content=\"2025-11-18T16:50:59+00:00\" \/>\n<meta name=\"twitter:card\" content=\"summary_large_image\" \/>\n<meta name=\"twitter:label1\" content=\"Est. reading time\" \/>\n\t<meta name=\"twitter:data1\" content=\"1 minute\" \/>\n<script type=\"application\/ld+json\" class=\"yoast-schema-graph\">{\"@context\":\"https:\\\/\\\/schema.org\",\"@graph\":[{\"@type\":\"WebPage\",\"@id\":\"https:\\\/\\\/wp.well-e.org\\\/research-reports\\\/\",\"url\":\"https:\\\/\\\/wp.well-e.org\\\/research-reports\\\/\",\"name\":\"Rapports de Recherche - WELL-E\",\"isPartOf\":{\"@id\":\"https:\\\/\\\/wp.well-e.org\\\/#website\"},\"datePublished\":\"2025-11-07T21:06:35+00:00\",\"dateModified\":\"2025-11-18T16:50:59+00:00\",\"breadcrumb\":{\"@id\":\"https:\\\/\\\/wp.well-e.org\\\/research-reports\\\/#breadcrumb\"},\"inLanguage\":\"fr-CA\",\"potentialAction\":[{\"@type\":\"ReadAction\",\"target\":[\"https:\\\/\\\/wp.well-e.org\\\/research-reports\\\/\"]}]},{\"@type\":\"BreadcrumbList\",\"@id\":\"https:\\\/\\\/wp.well-e.org\\\/research-reports\\\/#breadcrumb\",\"itemListElement\":[{\"@type\":\"ListItem\",\"position\":1,\"name\":\"Home\",\"item\":\"https:\\\/\\\/wp.well-e.org\\\/\"},{\"@type\":\"ListItem\",\"position\":2,\"name\":\"Rapports de Recherche\"}]},{\"@type\":\"WebSite\",\"@id\":\"https:\\\/\\\/wp.well-e.org\\\/#website\",\"url\":\"https:\\\/\\\/wp.well-e.org\\\/\",\"name\":\"WELL-E\",\"description\":\"IA au service du bien-&ecirc;tre animal\",\"publisher\":{\"@id\":\"https:\\\/\\\/wp.well-e.org\\\/#organization\"},\"potentialAction\":[{\"@type\":\"SearchAction\",\"target\":{\"@type\":\"EntryPoint\",\"urlTemplate\":\"https:\\\/\\\/wp.well-e.org\\\/?s={search_term_string}\"},\"query-input\":{\"@type\":\"PropertyValueSpecification\",\"valueRequired\":true,\"valueName\":\"search_term_string\"}}],\"inLanguage\":\"fr-CA\"},{\"@type\":\"Organization\",\"@id\":\"https:\\\/\\\/wp.well-e.org\\\/#organization\",\"name\":\"WELL-E\",\"url\":\"https:\\\/\\\/wp.well-e.org\\\/\",\"logo\":{\"@type\":\"ImageObject\",\"inLanguage\":\"fr-CA\",\"@id\":\"https:\\\/\\\/wp.well-e.org\\\/#\\\/schema\\\/logo\\\/image\\\/\",\"url\":\"https:\\\/\\\/wp.well-e.org\\\/wp-content\\\/uploads\\\/2024\\\/05\\\/LOGOTYPETAG_Left_RVB_FR-edited-1-e1718738358443.png\",\"contentUrl\":\"https:\\\/\\\/wp.well-e.org\\\/wp-content\\\/uploads\\\/2024\\\/05\\\/LOGOTYPETAG_Left_RVB_FR-edited-1-e1718738358443.png\",\"width\":1000,\"height\":250,\"caption\":\"WELL-E\"},\"image\":{\"@id\":\"https:\\\/\\\/wp.well-e.org\\\/#\\\/schema\\\/logo\\\/image\\\/\"},\"sameAs\":[\"https:\\\/\\\/www.linkedin.com\\\/company\\\/research-and-innovation-chair-in-animal-welfare-and-artificial-intelligence-well-e\"]}]}<\/script>\n<!-- \/ Yoast SEO plugin. -->","yoast_head_json":{"title":"Rapports de Recherche - WELL-E","robots":{"index":"index","follow":"follow","max-snippet":"max-snippet:-1","max-image-preview":"max-image-preview:large","max-video-preview":"max-video-preview:-1"},"canonical":"https:\/\/wp.well-e.org\/fr\/research-reports\/","og_locale":"fr_CA","og_type":"article","og_title":"Rapports de Recherche - WELL-E","og_description":"Rapports de Recherche","og_url":"https:\/\/wp.well-e.org\/fr\/research-reports\/","og_site_name":"WELL-E","article_modified_time":"2025-11-18T16:50:59+00:00","twitter_card":"summary_large_image","twitter_misc":{"Est. reading time":"1 minute"},"schema":{"@context":"https:\/\/schema.org","@graph":[{"@type":"WebPage","@id":"https:\/\/wp.well-e.org\/research-reports\/","url":"https:\/\/wp.well-e.org\/research-reports\/","name":"Rapports de Recherche - WELL-E","isPartOf":{"@id":"https:\/\/wp.well-e.org\/#website"},"datePublished":"2025-11-07T21:06:35+00:00","dateModified":"2025-11-18T16:50:59+00:00","breadcrumb":{"@id":"https:\/\/wp.well-e.org\/research-reports\/#breadcrumb"},"inLanguage":"fr-CA","potentialAction":[{"@type":"ReadAction","target":["https:\/\/wp.well-e.org\/research-reports\/"]}]},{"@type":"BreadcrumbList","@id":"https:\/\/wp.well-e.org\/research-reports\/#breadcrumb","itemListElement":[{"@type":"ListItem","position":1,"name":"Home","item":"https:\/\/wp.well-e.org\/"},{"@type":"ListItem","position":2,"name":"Rapports de Recherche"}]},{"@type":"WebSite","@id":"https:\/\/wp.well-e.org\/#website","url":"https:\/\/wp.well-e.org\/","name":"WELL-E","description":"IA au service du bien-&ecirc;tre animal","publisher":{"@id":"https:\/\/wp.well-e.org\/#organization"},"potentialAction":[{"@type":"SearchAction","target":{"@type":"EntryPoint","urlTemplate":"https:\/\/wp.well-e.org\/?s={search_term_string}"},"query-input":{"@type":"PropertyValueSpecification","valueRequired":true,"valueName":"search_term_string"}}],"inLanguage":"fr-CA"},{"@type":"Organization","@id":"https:\/\/wp.well-e.org\/#organization","name":"WELL-E","url":"https:\/\/wp.well-e.org\/","logo":{"@type":"ImageObject","inLanguage":"fr-CA","@id":"https:\/\/wp.well-e.org\/#\/schema\/logo\/image\/","url":"https:\/\/wp.well-e.org\/wp-content\/uploads\/2024\/05\/LOGOTYPETAG_Left_RVB_FR-edited-1-e1718738358443.png","contentUrl":"https:\/\/wp.well-e.org\/wp-content\/uploads\/2024\/05\/LOGOTYPETAG_Left_RVB_FR-edited-1-e1718738358443.png","width":1000,"height":250,"caption":"WELL-E"},"image":{"@id":"https:\/\/wp.well-e.org\/#\/schema\/logo\/image\/"},"sameAs":["https:\/\/www.linkedin.com\/company\/research-and-innovation-chair-in-animal-welfare-and-artificial-intelligence-well-e"]}]}},"_links":{"self":[{"href":"https:\/\/wp.well-e.org\/fr\/wp-json\/wp\/v2\/pages\/2112","targetHints":{"allow":["GET"]}}],"collection":[{"href":"https:\/\/wp.well-e.org\/fr\/wp-json\/wp\/v2\/pages"}],"about":[{"href":"https:\/\/wp.well-e.org\/fr\/wp-json\/wp\/v2\/types\/page"}],"author":[{"embeddable":true,"href":"https:\/\/wp.well-e.org\/fr\/wp-json\/wp\/v2\/users\/1"}],"replies":[{"embeddable":true,"href":"https:\/\/wp.well-e.org\/fr\/wp-json\/wp\/v2\/comments?post=2112"}],"version-history":[{"count":5,"href":"https:\/\/wp.well-e.org\/fr\/wp-json\/wp\/v2\/pages\/2112\/revisions"}],"predecessor-version":[{"id":2223,"href":"https:\/\/wp.well-e.org\/fr\/wp-json\/wp\/v2\/pages\/2112\/revisions\/2223"}],"wp:attachment":[{"href":"https:\/\/wp.well-e.org\/fr\/wp-json\/wp\/v2\/media?parent=2112"}],"curies":[{"name":"wp","href":"https:\/\/api.w.org\/{rel}","templated":true}]}}