{"id":3,"date":"2024-05-13T07:48:32","date_gmt":"2024-05-13T07:48:32","guid":{"rendered":"http:\/\/wp.well-e.org\/?page_id=3"},"modified":"2024-10-01T15:06:12","modified_gmt":"2024-10-01T19:06:12","slug":"privacy-policy","status":"publish","type":"page","link":"https:\/\/wp.well-e.org\/fr\/privacy-policy\/","title":{"rendered":"Politique de confidentialit\u00e9"},"content":{"rendered":"\n<p class=\"wp-block-paragraph\">La Chaire de recherche et d&rsquo;innovation en bien-\u00eatre animal et en intelligence artificielle fait partie conjointement de l&rsquo;Universit\u00e9 McGill et de l&rsquo;Universit\u00e9 du Qu\u00e9bec \u00e0 Montr\u00e9al (UQAM). \u00c0 ce titre, elle est assujettie aux politiques de confidentialit\u00e9 de ces deux institutions, que l&rsquo;on peut consulter ci-dessous.<br>McGill: <a href=\"https:\/\/www.mcgill.ca\/privacy-notice\">https:\/\/www.mcgill.ca\/privacy-notice<\/a><br>UQAM: <a href=\"https:\/\/occah.uqam.ca\/en\/privacy-policy\/\">https:\/\/occah.uqam.ca\/en\/privacy-policy\/<\/a><\/p>\n\n\n\n<p class=\"wp-block-paragraph\"><\/p>\n\n\n\n<p class=\"wp-block-paragraph\"><\/p>\n\n\n\n<p class=\"wp-block-paragraph\"><\/p>\n","protected":false},"excerpt":{"rendered":"<p>La Chaire de recherche et d&rsquo;innovation en bien-\u00eatre animal et en intelligence artificielle fait partie conjointement de l&rsquo;Universit\u00e9 McGill et de l&rsquo;Universit\u00e9 du Qu\u00e9bec \u00e0 Montr\u00e9al (UQAM). \u00c0 ce titre, elle est assujettie aux politiques de confidentialit\u00e9 de ces deux institutions, que l&rsquo;on peut consulter ci-dessous.McGill: https:\/\/www.mcgill.ca\/privacy-noticeUQAM: https:\/\/occah.uqam.ca\/en\/privacy-policy\/<\/p>\n","protected":false},"author":1,"featured_media":0,"parent":0,"menu_order":0,"comment_status":"closed","ping_status":"open","template":"","meta":{"_acf_changed":false,"_crdt_document":"","footnotes":""},"class_list":["post-3","page","type-page","status-publish","hentry"],"blocksy_meta":{"has_hero_section":"enabled","hero_elements":[{"id":"custom_title","enabled":true,"heading_tag":"h1","title":"Home","__id":"ePDSz5giWJ5g4tbmFEr-v"},{"id":"custom_description","enabled":false,"description_visibility":{"desktop":true,"tablet":true,"mobile":false},"__id":"Ebk8AXc52XBJHcfF_nBRY"},{"id":"custom_meta","enabled":false,"meta_elements":[{"id":"author","enabled":true,"label":"By","has_author_avatar":"yes","avatar_size":25},{"id":"post_date","enabled":true,"label":"On","date_format_source":"default","date_format":"M j, Y"},{"id":"updated_date","enabled":false,"label":"On","date_format_source":"default","date_format":"M j, Y"},{"id":"categories","enabled":false,"label":"In","style":"simple"},{"id":"comments","enabled":true}],"page_meta_elements":{"joined":true,"articles_count":true,"comments":true},"__id":"WBv4B8-vw5RaFzl-W6gDN"},{"id":"breadcrumbs","enabled":false,"__id":"G5H9alW1ASBlJ1TIpAGRK"}],"hero_alignment1":{"desktop":"left","tablet":"left","mobile":"left"},"pageTitleFontColor":{"default":{"color":"#0c0c0c"}},"styles_descriptor":{"styles":{"desktop":"[data-prefix=\"single_page\"] .entry-header .page-title {--theme-font-size:30px;--theme-heading-color:#0c0c0c;} [data-prefix=\"single_page\"] .entry-header .entry-meta {--theme-font-weight:600;--theme-text-transform:uppercase;--theme-font-size:12px;--theme-line-height:1.3;} [data-prefix=\"single_page\"] .hero-section[data-type=\"type-1\"] {--alignment:left;}","tablet":"","mobile":""},"google_fonts":{"Comfortaa":["n4","n6"]},"version":6}},"acf":[],"yoast_head":"<!-- This site is optimized with the Yoast SEO plugin v27.4 - https:\/\/yoast.com\/product\/yoast-seo-wordpress\/ -->\n<title>Politique de confidentialit\u00e9 - WELL-E<\/title>\n<meta name=\"robots\" content=\"index, follow, max-snippet:-1, max-image-preview:large, max-video-preview:-1\" \/>\n<link rel=\"canonical\" href=\"https:\/\/wp.well-e.org\/fr\/privacy-policy\/\" \/>\n<meta property=\"og:locale\" content=\"fr_CA\" \/>\n<meta property=\"og:type\" content=\"article\" \/>\n<meta property=\"og:title\" content=\"Politique de confidentialit\u00e9 - WELL-E\" \/>\n<meta property=\"og:description\" content=\"La Chaire de recherche et d&rsquo;innovation en bien-\u00eatre animal et en intelligence artificielle fait partie conjointement de l&rsquo;Universit\u00e9 McGill et de l&rsquo;Universit\u00e9 du Qu\u00e9bec \u00e0 Montr\u00e9al (UQAM). \u00c0 ce titre, elle est assujettie aux politiques de confidentialit\u00e9 de ces deux institutions, que l&rsquo;on peut consulter ci-dessous.McGill: https:\/\/www.mcgill.ca\/privacy-noticeUQAM: https:\/\/occah.uqam.ca\/en\/privacy-policy\/\" \/>\n<meta property=\"og:url\" content=\"https:\/\/wp.well-e.org\/fr\/privacy-policy\/\" \/>\n<meta property=\"og:site_name\" content=\"WELL-E\" \/>\n<meta property=\"article:modified_time\" content=\"2024-10-01T19:06:12+00:00\" \/>\n<meta name=\"twitter:card\" content=\"summary_large_image\" \/>\n<script type=\"application\/ld+json\" class=\"yoast-schema-graph\">{\"@context\":\"https:\\\/\\\/schema.org\",\"@graph\":[{\"@type\":\"WebPage\",\"@id\":\"https:\\\/\\\/wp.well-e.org\\\/privacy-policy\\\/\",\"url\":\"https:\\\/\\\/wp.well-e.org\\\/privacy-policy\\\/\",\"name\":\"Politique de confidentialit\u00e9 - WELL-E\",\"isPartOf\":{\"@id\":\"https:\\\/\\\/wp.well-e.org\\\/#website\"},\"datePublished\":\"2024-05-13T07:48:32+00:00\",\"dateModified\":\"2024-10-01T19:06:12+00:00\",\"breadcrumb\":{\"@id\":\"https:\\\/\\\/wp.well-e.org\\\/privacy-policy\\\/#breadcrumb\"},\"inLanguage\":\"fr-CA\",\"potentialAction\":[{\"@type\":\"ReadAction\",\"target\":[\"https:\\\/\\\/wp.well-e.org\\\/privacy-policy\\\/\"]}]},{\"@type\":\"BreadcrumbList\",\"@id\":\"https:\\\/\\\/wp.well-e.org\\\/privacy-policy\\\/#breadcrumb\",\"itemListElement\":[{\"@type\":\"ListItem\",\"position\":1,\"name\":\"Home\",\"item\":\"https:\\\/\\\/wp.well-e.org\\\/\"},{\"@type\":\"ListItem\",\"position\":2,\"name\":\"Politique de confidentialit\u00e9\"}]},{\"@type\":\"WebSite\",\"@id\":\"https:\\\/\\\/wp.well-e.org\\\/#website\",\"url\":\"https:\\\/\\\/wp.well-e.org\\\/\",\"name\":\"WELL-E\",\"description\":\"IA au service du bien-&ecirc;tre animal\",\"publisher\":{\"@id\":\"https:\\\/\\\/wp.well-e.org\\\/#organization\"},\"potentialAction\":[{\"@type\":\"SearchAction\",\"target\":{\"@type\":\"EntryPoint\",\"urlTemplate\":\"https:\\\/\\\/wp.well-e.org\\\/?s={search_term_string}\"},\"query-input\":{\"@type\":\"PropertyValueSpecification\",\"valueRequired\":true,\"valueName\":\"search_term_string\"}}],\"inLanguage\":\"fr-CA\"},{\"@type\":\"Organization\",\"@id\":\"https:\\\/\\\/wp.well-e.org\\\/#organization\",\"name\":\"WELL-E\",\"url\":\"https:\\\/\\\/wp.well-e.org\\\/\",\"logo\":{\"@type\":\"ImageObject\",\"inLanguage\":\"fr-CA\",\"@id\":\"https:\\\/\\\/wp.well-e.org\\\/#\\\/schema\\\/logo\\\/image\\\/\",\"url\":\"https:\\\/\\\/wp.well-e.org\\\/wp-content\\\/uploads\\\/2024\\\/05\\\/LOGOTYPETAG_Left_RVB_FR-edited-1-e1718738358443.png\",\"contentUrl\":\"https:\\\/\\\/wp.well-e.org\\\/wp-content\\\/uploads\\\/2024\\\/05\\\/LOGOTYPETAG_Left_RVB_FR-edited-1-e1718738358443.png\",\"width\":1000,\"height\":250,\"caption\":\"WELL-E\"},\"image\":{\"@id\":\"https:\\\/\\\/wp.well-e.org\\\/#\\\/schema\\\/logo\\\/image\\\/\"},\"sameAs\":[\"https:\\\/\\\/www.linkedin.com\\\/company\\\/research-and-innovation-chair-in-animal-welfare-and-artificial-intelligence-well-e\"]}]}<\/script>\n<!-- \/ Yoast SEO plugin. -->","yoast_head_json":{"title":"Politique de confidentialit\u00e9 - WELL-E","robots":{"index":"index","follow":"follow","max-snippet":"max-snippet:-1","max-image-preview":"max-image-preview:large","max-video-preview":"max-video-preview:-1"},"canonical":"https:\/\/wp.well-e.org\/fr\/privacy-policy\/","og_locale":"fr_CA","og_type":"article","og_title":"Politique de confidentialit\u00e9 - WELL-E","og_description":"La Chaire de recherche et d&rsquo;innovation en bien-\u00eatre animal et en intelligence artificielle fait partie conjointement de l&rsquo;Universit\u00e9 McGill et de l&rsquo;Universit\u00e9 du Qu\u00e9bec \u00e0 Montr\u00e9al (UQAM). \u00c0 ce titre, elle est assujettie aux politiques de confidentialit\u00e9 de ces deux institutions, que l&rsquo;on peut consulter ci-dessous.McGill: https:\/\/www.mcgill.ca\/privacy-noticeUQAM: https:\/\/occah.uqam.ca\/en\/privacy-policy\/","og_url":"https:\/\/wp.well-e.org\/fr\/privacy-policy\/","og_site_name":"WELL-E","article_modified_time":"2024-10-01T19:06:12+00:00","twitter_card":"summary_large_image","schema":{"@context":"https:\/\/schema.org","@graph":[{"@type":"WebPage","@id":"https:\/\/wp.well-e.org\/privacy-policy\/","url":"https:\/\/wp.well-e.org\/privacy-policy\/","name":"Politique de confidentialit\u00e9 - WELL-E","isPartOf":{"@id":"https:\/\/wp.well-e.org\/#website"},"datePublished":"2024-05-13T07:48:32+00:00","dateModified":"2024-10-01T19:06:12+00:00","breadcrumb":{"@id":"https:\/\/wp.well-e.org\/privacy-policy\/#breadcrumb"},"inLanguage":"fr-CA","potentialAction":[{"@type":"ReadAction","target":["https:\/\/wp.well-e.org\/privacy-policy\/"]}]},{"@type":"BreadcrumbList","@id":"https:\/\/wp.well-e.org\/privacy-policy\/#breadcrumb","itemListElement":[{"@type":"ListItem","position":1,"name":"Home","item":"https:\/\/wp.well-e.org\/"},{"@type":"ListItem","position":2,"name":"Politique de confidentialit\u00e9"}]},{"@type":"WebSite","@id":"https:\/\/wp.well-e.org\/#website","url":"https:\/\/wp.well-e.org\/","name":"WELL-E","description":"IA au service du bien-&ecirc;tre animal","publisher":{"@id":"https:\/\/wp.well-e.org\/#organization"},"potentialAction":[{"@type":"SearchAction","target":{"@type":"EntryPoint","urlTemplate":"https:\/\/wp.well-e.org\/?s={search_term_string}"},"query-input":{"@type":"PropertyValueSpecification","valueRequired":true,"valueName":"search_term_string"}}],"inLanguage":"fr-CA"},{"@type":"Organization","@id":"https:\/\/wp.well-e.org\/#organization","name":"WELL-E","url":"https:\/\/wp.well-e.org\/","logo":{"@type":"ImageObject","inLanguage":"fr-CA","@id":"https:\/\/wp.well-e.org\/#\/schema\/logo\/image\/","url":"https:\/\/wp.well-e.org\/wp-content\/uploads\/2024\/05\/LOGOTYPETAG_Left_RVB_FR-edited-1-e1718738358443.png","contentUrl":"https:\/\/wp.well-e.org\/wp-content\/uploads\/2024\/05\/LOGOTYPETAG_Left_RVB_FR-edited-1-e1718738358443.png","width":1000,"height":250,"caption":"WELL-E"},"image":{"@id":"https:\/\/wp.well-e.org\/#\/schema\/logo\/image\/"},"sameAs":["https:\/\/www.linkedin.com\/company\/research-and-innovation-chair-in-animal-welfare-and-artificial-intelligence-well-e"]}]}},"_links":{"self":[{"href":"https:\/\/wp.well-e.org\/fr\/wp-json\/wp\/v2\/pages\/3","targetHints":{"allow":["GET"]}}],"collection":[{"href":"https:\/\/wp.well-e.org\/fr\/wp-json\/wp\/v2\/pages"}],"about":[{"href":"https:\/\/wp.well-e.org\/fr\/wp-json\/wp\/v2\/types\/page"}],"author":[{"embeddable":true,"href":"https:\/\/wp.well-e.org\/fr\/wp-json\/wp\/v2\/users\/1"}],"replies":[{"embeddable":true,"href":"https:\/\/wp.well-e.org\/fr\/wp-json\/wp\/v2\/comments?post=3"}],"version-history":[{"count":8,"href":"https:\/\/wp.well-e.org\/fr\/wp-json\/wp\/v2\/pages\/3\/revisions"}],"predecessor-version":[{"id":1563,"href":"https:\/\/wp.well-e.org\/fr\/wp-json\/wp\/v2\/pages\/3\/revisions\/1563"}],"wp:attachment":[{"href":"https:\/\/wp.well-e.org\/fr\/wp-json\/wp\/v2\/media?parent=3"}],"curies":[{"name":"wp","href":"https:\/\/api.w.org\/{rel}","templated":true}]}}