{"id":52,"date":"2024-05-13T15:53:02","date_gmt":"2024-05-13T15:53:02","guid":{"rendered":"http:\/\/wp.well-e.org\/?page_id=52"},"modified":"2025-03-10T13:20:41","modified_gmt":"2025-03-10T17:20:41","slug":"nous-joindre","status":"publish","type":"page","link":"https:\/\/wp.well-e.org\/fr\/nous-joindre\/","title":{"rendered":"Nous joindre"},"content":{"rendered":"\n<div class=\"wp-block-columns is-layout-flex wp-container-core-columns-is-layout-995f960e wp-block-columns-is-layout-flex\">\n<div class=\"wp-block-column is-layout-flow wp-block-column-is-layout-flow\">\n<div class=\"wp-block-group is-vertical is-content-justification-center is-layout-flex wp-container-core-group-is-layout-33704652 wp-block-group-is-layout-flex\">\n<p class=\"wp-block-paragraph\">Vous souhaitez faire partie de WELL-E ? Nous sommes toujours \u00e0 la recherche de personnes motiv\u00e9es pour rejoindre l\u2019\u00e9quipe !<\/p>\n\n\n\n<p class=\"wp-block-paragraph\">En fonction de votre niveau d\u2019int\u00e9r\u00eat et du temps dont vous disposez, WELL-E propose plusieurs options pour participer \u00e0 nos recherches au sein des deux \u00e9quipes:<\/p>\n\n\n\n<ul class=\"wp-block-list\">\n<li>Stages d\u2019\u00e9t\u00e9<\/li>\n\n\n\n<li>Cours de stage de premier cycle (McGill)<\/li>\n\n\n\n<li>Projets de th\u00e8se de premier cycle<\/li>\n\n\n\n<li>Ma\u00eetrises appliqu\u00e9es et fond\u00e9es sur une th\u00e8se<\/li>\n\n\n\n<li>Postes de doctorat<\/li>\n<\/ul>\n\n\n\n<p class=\"wp-block-paragraph\">Si vous souhaitez rejoindre l\u2019\u00e9quipe, veuillez envoyer un message avec votre CV et les dates qui vous int\u00e9ressent \u00e0 Marjorie Cellier (Sciences animales, McGill): <a>marjorie.cellier@mcgill.ca<\/a> ou Karen Reynard (Sciences informatiques, UQAM): <a>reynard.karen@uqam.ca<\/a><\/p>\n\n\n\n<figure class=\"wp-block-image size-full is-resized\"><img loading=\"lazy\" decoding=\"async\" width=\"1000\" height=\"563\" src=\"https:\/\/wp.well-e.org\/wp-content\/uploads\/2024\/07\/LOGOTYPETAG_Left_RVB_FR-edited.png\" alt=\"\" class=\"wp-image-512\" style=\"width:338px;height:auto\" srcset=\"https:\/\/wp.well-e.org\/wp-content\/uploads\/2024\/07\/LOGOTYPETAG_Left_RVB_FR-edited.png 1000w, https:\/\/wp.well-e.org\/wp-content\/uploads\/2024\/07\/LOGOTYPETAG_Left_RVB_FR-edited-300x169.png 300w, https:\/\/wp.well-e.org\/wp-content\/uploads\/2024\/07\/LOGOTYPETAG_Left_RVB_FR-edited-768x432.png 768w, https:\/\/wp.well-e.org\/wp-content\/uploads\/2024\/07\/LOGOTYPETAG_Left_RVB_FR-edited-18x10.png 18w\" sizes=\"auto, (max-width: 1000px) 100vw, 1000px\" \/><\/figure>\n\n\n\n<ul class=\"wp-block-social-links is-content-justification-center is-layout-flex wp-container-core-social-links-is-layout-fe0a7de2 wp-block-social-links-is-layout-flex\"><li class=\"wp-social-link wp-social-link-linkedin  wp-block-social-link\"><a href=\"https:\/\/www.linkedin.com\/company\/research-and-innovation-chair-in-animal-welfare-and-artificial-intelligence-well-e\/\" class=\"wp-block-social-link-anchor\"><svg width=\"24\" height=\"24\" viewBox=\"0 0 24 24\" version=\"1.1\" xmlns=\"http:\/\/www.w3.org\/2000\/svg\" aria-hidden=\"true\" focusable=\"false\"><path d=\"M19.7,3H4.3C3.582,3,3,3.582,3,4.3v15.4C3,20.418,3.582,21,4.3,21h15.4c0.718,0,1.3-0.582,1.3-1.3V4.3 C21,3.582,20.418,3,19.7,3z M8.339,18.338H5.667v-8.59h2.672V18.338z M7.004,8.574c-0.857,0-1.549-0.694-1.549-1.548 c0-0.855,0.691-1.548,1.549-1.548c0.854,0,1.547,0.694,1.547,1.548C8.551,7.881,7.858,8.574,7.004,8.574z M18.339,18.338h-2.669 v-4.177c0-0.996-0.017-2.278-1.387-2.278c-1.389,0-1.601,1.086-1.601,2.206v4.249h-2.667v-8.59h2.559v1.174h0.037 c0.356-0.675,1.227-1.387,2.526-1.387c2.703,0,3.203,1.779,3.203,4.092V18.338z\"><\/path><\/svg><span class=\"wp-block-social-link-label screen-reader-text\">LinkedIn<\/span><\/a><\/li>\n\n<li class=\"wp-social-link wp-social-link-youtube  wp-block-social-link\"><a href=\"https:\/\/www.youtube.com\/@ChaireWELL-EChair\" class=\"wp-block-social-link-anchor\"><svg width=\"24\" height=\"24\" viewBox=\"0 0 24 24\" version=\"1.1\" xmlns=\"http:\/\/www.w3.org\/2000\/svg\" aria-hidden=\"true\" focusable=\"false\"><path d=\"M21.8,8.001c0,0-0.195-1.378-0.795-1.985c-0.76-0.797-1.613-0.801-2.004-0.847c-2.799-0.202-6.997-0.202-6.997-0.202 h-0.009c0,0-4.198,0-6.997,0.202C4.608,5.216,3.756,5.22,2.995,6.016C2.395,6.623,2.2,8.001,2.2,8.001S2,9.62,2,11.238v1.517 c0,1.618,0.2,3.237,0.2,3.237s0.195,1.378,0.795,1.985c0.761,0.797,1.76,0.771,2.205,0.855c1.6,0.153,6.8,0.201,6.8,0.201 s4.203-0.006,7.001-0.209c0.391-0.047,1.243-0.051,2.004-0.847c0.6-0.607,0.795-1.985,0.795-1.985s0.2-1.618,0.2-3.237v-1.517 C22,9.62,21.8,8.001,21.8,8.001z M9.935,14.594l-0.001-5.62l5.404,2.82L9.935,14.594z\"><\/path><\/svg><span class=\"wp-block-social-link-label screen-reader-text\">YouTube<\/span><\/a><\/li>\n\n<li class=\"wp-social-link wp-social-link-github  wp-block-social-link\"><a href=\"https:\/\/github.com\/WELL-E-chair\" class=\"wp-block-social-link-anchor\"><svg width=\"24\" height=\"24\" viewBox=\"0 0 24 24\" version=\"1.1\" xmlns=\"http:\/\/www.w3.org\/2000\/svg\" aria-hidden=\"true\" focusable=\"false\"><path d=\"M12,2C6.477,2,2,6.477,2,12c0,4.419,2.865,8.166,6.839,9.489c0.5,0.09,0.682-0.218,0.682-0.484 c0-0.236-0.009-0.866-0.014-1.699c-2.782,0.602-3.369-1.34-3.369-1.34c-0.455-1.157-1.11-1.465-1.11-1.465 c-0.909-0.62,0.069-0.608,0.069-0.608c1.004,0.071,1.532,1.03,1.532,1.03c0.891,1.529,2.341,1.089,2.91,0.833 c0.091-0.647,0.349-1.086,0.635-1.337c-2.22-0.251-4.555-1.111-4.555-4.943c0-1.091,0.39-1.984,1.03-2.682 C6.546,8.54,6.202,7.524,6.746,6.148c0,0,0.84-0.269,2.75,1.025C10.295,6.95,11.15,6.84,12,6.836 c0.85,0.004,1.705,0.114,2.504,0.336c1.909-1.294,2.748-1.025,2.748-1.025c0.546,1.376,0.202,2.394,0.1,2.646 c0.64,0.699,1.026,1.591,1.026,2.682c0,3.841-2.337,4.687-4.565,4.935c0.359,0.307,0.679,0.917,0.679,1.852 c0,1.335-0.012,2.415-0.012,2.741c0,0.269,0.18,0.579,0.688,0.481C19.138,20.161,22,16.416,22,12C22,6.477,17.523,2,12,2z\"><\/path><\/svg><span class=\"wp-block-social-link-label screen-reader-text\">GitHub<\/span><\/a><\/li><\/ul>\n<\/div>\n<\/div>\n\n\n\n<div class=\"wp-block-column is-layout-flow wp-block-column-is-layout-flow\">\n<div class=\"forminator-ui forminator-custom-form forminator-custom-form-508 forminator-design--default  forminator_ajax\" data-forminator-render=\"0\" data-form=\"forminator-module-508\" data-uid=\"69f16c8dc81cd\"><br\/><\/div><form\n\t\t\t\tid=\"forminator-module-508\"\n\t\t\t\tclass=\"forminator-ui forminator-custom-form forminator-custom-form-508 forminator-design--default  forminator_ajax\"\n\t\t\t\tmethod=\"post\"\n\t\t\t\tdata-forminator-render=\"0\"\n\t\t\t\tdata-form-id=\"508\"\n\t\t\t\t data-color-option=\"default\" data-design=\"default\" data-grid=\"open\" style=\"display: none;\"\n\t\t\t\tdata-uid=\"69f16c8dc81cd\"\n\t\t\t><div role=\"alert\" aria-live=\"polite\" class=\"forminator-response-message forminator-error\" aria-hidden=\"true\"><\/div><div class=\"forminator-row\"><div id=\"name-1\" class=\"forminator-field-name forminator-col forminator-col-12 \"><div class=\"forminator-row forminator-no-margin\" data-multiple=\"true\"><div class=\"forminator-col forminator-col-md-6\"><div class=\"forminator-field\"><label for=\"forminator-field-first-name-1_69f16c8dc81cd\" id=\"forminator-field-first-name-1_69f16c8dc81cd-label\" class=\"forminator-label\">Pr\u00e9noms <span class=\"forminator-required\">*<\/span><\/label><input type=\"text\" name=\"name-1-first-name\" placeholder=\"Ex: John\" id=\"forminator-field-first-name-1_69f16c8dc81cd\" class=\"forminator-input\" aria-required=\"true\" data-multi=\"1\" autocomplete=\"given-name\" value=\"\" \/><\/div><\/div><div class=\"forminator-col forminator-col-md-6\"><div class=\"forminator-field\"><label for=\"forminator-field-last-name-1_69f16c8dc81cd\" id=\"forminator-field-last-name-1_69f16c8dc81cd-label\" class=\"forminator-label\">Nom <span class=\"forminator-required\">*<\/span><\/label><input type=\"text\" name=\"name-1-last-name\" placeholder=\"Ex: Doe\" id=\"forminator-field-last-name-1_69f16c8dc81cd\" class=\"forminator-input\" aria-required=\"true\" data-multi=\"1\" autocomplete=\"family-name\" value=\"\" \/><\/div><\/div><\/div><\/div><\/div><div class=\"forminator-row\"><div id=\"email-1\" class=\"forminator-field-email forminator-col forminator-col-12 \"><div class=\"forminator-field\"><label for=\"forminator-field-email-1_69f16c8dc81cd\" id=\"forminator-field-email-1_69f16c8dc81cd-label\" class=\"forminator-label\">Adresse email <span class=\"forminator-required\">*<\/span><\/label><input type=\"email\" name=\"email-1\" value=\"\" placeholder=\"Ex: john@doe.com\" id=\"forminator-field-email-1_69f16c8dc81cd\" class=\"forminator-input forminator-email--field\" data-required=\"true\" aria-required=\"true\" autocomplete=\"email\" \/><\/div><\/div><\/div><div class=\"forminator-row\"><div id=\"textarea-1\" class=\"forminator-field-textarea forminator-col forminator-col-12 \"><div class=\"forminator-field\"><label for=\"forminator-field-textarea-1_69f16c8dc81cd\" id=\"forminator-field-textarea-1_69f16c8dc81cd-label\" class=\"forminator-label\">Message <span class=\"forminator-required\">*<\/span><\/label><textarea name=\"textarea-1\" placeholder=\"Entrer votre message...\" id=\"forminator-field-textarea-1_69f16c8dc81cd\" class=\"forminator-textarea\" rows=\"6\" style=\"--forminator-textarea-min-height:140px;\" maxlength=\"180\" ><\/textarea><span id=\"forminator-field-textarea-1_69f16c8dc81cd-description\" class=\"forminator-description\"><span data-limit=\"180\" data-type=\"characters\" data-editor=\"\">0 \/ 180<\/span><\/span><\/div><\/div><\/div><div class=\"forminator-row\"><div id=\"captcha-1\" class=\"forminator-field-captcha forminator-col forminator-col-12 \"><div class=\"forminator-captcha-center forminator-g-recaptcha\" data-theme=\"light\"  data-sitekey=\"6LeEtwwnAAAAAE69zot48TDzPJxHJq2Y9W6umyGX\" data-size=\"normal\"><\/div> <\/div><\/div><input type=\"hidden\" name=\"referer_url\" value=\"\" \/><div class=\"forminator-row forminator-row-last\"><div class=\"forminator-col\"><div class=\"forminator-field\"><button class=\"forminator-button forminator-button-submit\">Envoyer<\/button><\/div><\/div><\/div><input type=\"hidden\" id=\"forminator_nonce\" name=\"forminator_nonce\" value=\"3f9be945a2\" \/><input type=\"hidden\" name=\"_wp_http_referer\" value=\"\/fr\/wp-json\/wp\/v2\/pages\/52\" \/><input type=\"hidden\" name=\"form_id\" value=\"508\"><input type=\"hidden\" name=\"page_id\" value=\"52\"><input type=\"hidden\" name=\"form_type\" value=\"default\"><input type=\"hidden\" name=\"current_url\" value=\"https:\/\/wp.well-e.org\/fr\/nous-joindre\/\"><input type=\"hidden\" name=\"render_id\" value=\"0\"><input type=\"hidden\" name=\"action\" value=\"forminator_submit_form_custom-forms\"><\/form>\n<\/div>\n<\/div>\n\n\n\n<hr class=\"wp-block-separator has-alpha-channel-opacity\"\/>\n\n\n\n<p class=\"wp-block-paragraph\"><\/p>\n","protected":false},"excerpt":{"rendered":"<p>Vous souhaitez faire partie de WELL-E ? Nous sommes toujours \u00e0 la recherche de personnes motiv\u00e9es pour rejoindre l\u2019\u00e9quipe ! En fonction de votre niveau d\u2019int\u00e9r\u00eat et du temps dont vous disposez, WELL-E propose plusieurs options pour participer \u00e0 nos recherches au sein des deux \u00e9quipes: Si vous souhaitez rejoindre l\u2019\u00e9quipe, veuillez envoyer un message [&hellip;]<\/p>\n","protected":false},"author":1,"featured_media":0,"parent":0,"menu_order":0,"comment_status":"closed","ping_status":"closed","template":"","meta":{"_acf_changed":false,"_crdt_document":"","footnotes":""},"class_list":["post-52","page","type-page","status-publish","hentry"],"blocksy_meta":[],"acf":[],"yoast_head":"<!-- This site is optimized with the Yoast SEO plugin v27.4 - https:\/\/yoast.com\/product\/yoast-seo-wordpress\/ -->\n<title>Nous joindre - WELL-E<\/title>\n<meta name=\"robots\" content=\"index, follow, max-snippet:-1, max-image-preview:large, max-video-preview:-1\" \/>\n<link rel=\"canonical\" href=\"https:\/\/wp.well-e.org\/fr\/nous-joindre\/\" \/>\n<meta property=\"og:locale\" content=\"fr_CA\" \/>\n<meta property=\"og:type\" content=\"article\" \/>\n<meta property=\"og:title\" content=\"Nous joindre - WELL-E\" \/>\n<meta property=\"og:description\" content=\"Vous souhaitez faire partie de WELL-E ? Nous sommes toujours \u00e0 la recherche de personnes motiv\u00e9es pour rejoindre l\u2019\u00e9quipe ! En fonction de votre niveau d\u2019int\u00e9r\u00eat et du temps dont vous disposez, WELL-E propose plusieurs options pour participer \u00e0 nos recherches au sein des deux \u00e9quipes: Si vous souhaitez rejoindre l\u2019\u00e9quipe, veuillez envoyer un message [&hellip;]\" \/>\n<meta property=\"og:url\" content=\"https:\/\/wp.well-e.org\/fr\/nous-joindre\/\" \/>\n<meta property=\"og:site_name\" content=\"WELL-E\" \/>\n<meta property=\"article:modified_time\" content=\"2025-03-10T17:20:41+00:00\" \/>\n<meta property=\"og:image\" content=\"https:\/\/wp.well-e.org\/wp-content\/uploads\/2024\/07\/LOGOTYPETAG_Left_RVB_FR-edited.png\" \/>\n<meta name=\"twitter:card\" content=\"summary_large_image\" \/>\n<meta name=\"twitter:label1\" content=\"Est. reading time\" \/>\n\t<meta name=\"twitter:data1\" content=\"1 minute\" \/>\n<script type=\"application\/ld+json\" class=\"yoast-schema-graph\">{\"@context\":\"https:\\\/\\\/schema.org\",\"@graph\":[{\"@type\":\"WebPage\",\"@id\":\"https:\\\/\\\/wp.well-e.org\\\/en\\\/nous-joindre\\\/\",\"url\":\"https:\\\/\\\/wp.well-e.org\\\/en\\\/nous-joindre\\\/\",\"name\":\"Nous joindre - WELL-E\",\"isPartOf\":{\"@id\":\"https:\\\/\\\/wp.well-e.org\\\/#website\"},\"primaryImageOfPage\":{\"@id\":\"https:\\\/\\\/wp.well-e.org\\\/en\\\/nous-joindre\\\/#primaryimage\"},\"image\":{\"@id\":\"https:\\\/\\\/wp.well-e.org\\\/en\\\/nous-joindre\\\/#primaryimage\"},\"thumbnailUrl\":\"https:\\\/\\\/wp.well-e.org\\\/wp-content\\\/uploads\\\/2024\\\/07\\\/LOGOTYPETAG_Left_RVB_FR-edited.png\",\"datePublished\":\"2024-05-13T15:53:02+00:00\",\"dateModified\":\"2025-03-10T17:20:41+00:00\",\"breadcrumb\":{\"@id\":\"https:\\\/\\\/wp.well-e.org\\\/en\\\/nous-joindre\\\/#breadcrumb\"},\"inLanguage\":\"fr-CA\",\"potentialAction\":[{\"@type\":\"ReadAction\",\"target\":[\"https:\\\/\\\/wp.well-e.org\\\/en\\\/nous-joindre\\\/\"]}]},{\"@type\":\"ImageObject\",\"inLanguage\":\"fr-CA\",\"@id\":\"https:\\\/\\\/wp.well-e.org\\\/en\\\/nous-joindre\\\/#primaryimage\",\"url\":\"https:\\\/\\\/wp.well-e.org\\\/wp-content\\\/uploads\\\/2024\\\/07\\\/LOGOTYPETAG_Left_RVB_FR-edited.png\",\"contentUrl\":\"https:\\\/\\\/wp.well-e.org\\\/wp-content\\\/uploads\\\/2024\\\/07\\\/LOGOTYPETAG_Left_RVB_FR-edited.png\"},{\"@type\":\"BreadcrumbList\",\"@id\":\"https:\\\/\\\/wp.well-e.org\\\/en\\\/nous-joindre\\\/#breadcrumb\",\"itemListElement\":[{\"@type\":\"ListItem\",\"position\":1,\"name\":\"Home\",\"item\":\"https:\\\/\\\/wp.well-e.org\\\/\"},{\"@type\":\"ListItem\",\"position\":2,\"name\":\"Nous joindre\"}]},{\"@type\":\"WebSite\",\"@id\":\"https:\\\/\\\/wp.well-e.org\\\/#website\",\"url\":\"https:\\\/\\\/wp.well-e.org\\\/\",\"name\":\"WELL-E\",\"description\":\"IA au service du bien-&ecirc;tre animal\",\"publisher\":{\"@id\":\"https:\\\/\\\/wp.well-e.org\\\/#organization\"},\"potentialAction\":[{\"@type\":\"SearchAction\",\"target\":{\"@type\":\"EntryPoint\",\"urlTemplate\":\"https:\\\/\\\/wp.well-e.org\\\/?s={search_term_string}\"},\"query-input\":{\"@type\":\"PropertyValueSpecification\",\"valueRequired\":true,\"valueName\":\"search_term_string\"}}],\"inLanguage\":\"fr-CA\"},{\"@type\":\"Organization\",\"@id\":\"https:\\\/\\\/wp.well-e.org\\\/#organization\",\"name\":\"WELL-E\",\"url\":\"https:\\\/\\\/wp.well-e.org\\\/\",\"logo\":{\"@type\":\"ImageObject\",\"inLanguage\":\"fr-CA\",\"@id\":\"https:\\\/\\\/wp.well-e.org\\\/#\\\/schema\\\/logo\\\/image\\\/\",\"url\":\"https:\\\/\\\/wp.well-e.org\\\/wp-content\\\/uploads\\\/2024\\\/05\\\/LOGOTYPETAG_Left_RVB_FR-edited-1-e1718738358443.png\",\"contentUrl\":\"https:\\\/\\\/wp.well-e.org\\\/wp-content\\\/uploads\\\/2024\\\/05\\\/LOGOTYPETAG_Left_RVB_FR-edited-1-e1718738358443.png\",\"width\":1000,\"height\":250,\"caption\":\"WELL-E\"},\"image\":{\"@id\":\"https:\\\/\\\/wp.well-e.org\\\/#\\\/schema\\\/logo\\\/image\\\/\"},\"sameAs\":[\"https:\\\/\\\/www.linkedin.com\\\/company\\\/research-and-innovation-chair-in-animal-welfare-and-artificial-intelligence-well-e\"]}]}<\/script>\n<!-- \/ Yoast SEO plugin. -->","yoast_head_json":{"title":"Nous joindre - WELL-E","robots":{"index":"index","follow":"follow","max-snippet":"max-snippet:-1","max-image-preview":"max-image-preview:large","max-video-preview":"max-video-preview:-1"},"canonical":"https:\/\/wp.well-e.org\/fr\/nous-joindre\/","og_locale":"fr_CA","og_type":"article","og_title":"Nous joindre - WELL-E","og_description":"Vous souhaitez faire partie de WELL-E ? Nous sommes toujours \u00e0 la recherche de personnes motiv\u00e9es pour rejoindre l\u2019\u00e9quipe ! En fonction de votre niveau d\u2019int\u00e9r\u00eat et du temps dont vous disposez, WELL-E propose plusieurs options pour participer \u00e0 nos recherches au sein des deux \u00e9quipes: Si vous souhaitez rejoindre l\u2019\u00e9quipe, veuillez envoyer un message [&hellip;]","og_url":"https:\/\/wp.well-e.org\/fr\/nous-joindre\/","og_site_name":"WELL-E","article_modified_time":"2025-03-10T17:20:41+00:00","og_image":[{"url":"https:\/\/wp.well-e.org\/wp-content\/uploads\/2024\/07\/LOGOTYPETAG_Left_RVB_FR-edited.png","type":"","width":"","height":""}],"twitter_card":"summary_large_image","twitter_misc":{"Est. reading time":"1 minute"},"schema":{"@context":"https:\/\/schema.org","@graph":[{"@type":"WebPage","@id":"https:\/\/wp.well-e.org\/en\/nous-joindre\/","url":"https:\/\/wp.well-e.org\/en\/nous-joindre\/","name":"Nous joindre - WELL-E","isPartOf":{"@id":"https:\/\/wp.well-e.org\/#website"},"primaryImageOfPage":{"@id":"https:\/\/wp.well-e.org\/en\/nous-joindre\/#primaryimage"},"image":{"@id":"https:\/\/wp.well-e.org\/en\/nous-joindre\/#primaryimage"},"thumbnailUrl":"https:\/\/wp.well-e.org\/wp-content\/uploads\/2024\/07\/LOGOTYPETAG_Left_RVB_FR-edited.png","datePublished":"2024-05-13T15:53:02+00:00","dateModified":"2025-03-10T17:20:41+00:00","breadcrumb":{"@id":"https:\/\/wp.well-e.org\/en\/nous-joindre\/#breadcrumb"},"inLanguage":"fr-CA","potentialAction":[{"@type":"ReadAction","target":["https:\/\/wp.well-e.org\/en\/nous-joindre\/"]}]},{"@type":"ImageObject","inLanguage":"fr-CA","@id":"https:\/\/wp.well-e.org\/en\/nous-joindre\/#primaryimage","url":"https:\/\/wp.well-e.org\/wp-content\/uploads\/2024\/07\/LOGOTYPETAG_Left_RVB_FR-edited.png","contentUrl":"https:\/\/wp.well-e.org\/wp-content\/uploads\/2024\/07\/LOGOTYPETAG_Left_RVB_FR-edited.png"},{"@type":"BreadcrumbList","@id":"https:\/\/wp.well-e.org\/en\/nous-joindre\/#breadcrumb","itemListElement":[{"@type":"ListItem","position":1,"name":"Home","item":"https:\/\/wp.well-e.org\/"},{"@type":"ListItem","position":2,"name":"Nous joindre"}]},{"@type":"WebSite","@id":"https:\/\/wp.well-e.org\/#website","url":"https:\/\/wp.well-e.org\/","name":"WELL-E","description":"IA au service du bien-&ecirc;tre animal","publisher":{"@id":"https:\/\/wp.well-e.org\/#organization"},"potentialAction":[{"@type":"SearchAction","target":{"@type":"EntryPoint","urlTemplate":"https:\/\/wp.well-e.org\/?s={search_term_string}"},"query-input":{"@type":"PropertyValueSpecification","valueRequired":true,"valueName":"search_term_string"}}],"inLanguage":"fr-CA"},{"@type":"Organization","@id":"https:\/\/wp.well-e.org\/#organization","name":"WELL-E","url":"https:\/\/wp.well-e.org\/","logo":{"@type":"ImageObject","inLanguage":"fr-CA","@id":"https:\/\/wp.well-e.org\/#\/schema\/logo\/image\/","url":"https:\/\/wp.well-e.org\/wp-content\/uploads\/2024\/05\/LOGOTYPETAG_Left_RVB_FR-edited-1-e1718738358443.png","contentUrl":"https:\/\/wp.well-e.org\/wp-content\/uploads\/2024\/05\/LOGOTYPETAG_Left_RVB_FR-edited-1-e1718738358443.png","width":1000,"height":250,"caption":"WELL-E"},"image":{"@id":"https:\/\/wp.well-e.org\/#\/schema\/logo\/image\/"},"sameAs":["https:\/\/www.linkedin.com\/company\/research-and-innovation-chair-in-animal-welfare-and-artificial-intelligence-well-e"]}]}},"_links":{"self":[{"href":"https:\/\/wp.well-e.org\/fr\/wp-json\/wp\/v2\/pages\/52","targetHints":{"allow":["GET"]}}],"collection":[{"href":"https:\/\/wp.well-e.org\/fr\/wp-json\/wp\/v2\/pages"}],"about":[{"href":"https:\/\/wp.well-e.org\/fr\/wp-json\/wp\/v2\/types\/page"}],"author":[{"embeddable":true,"href":"https:\/\/wp.well-e.org\/fr\/wp-json\/wp\/v2\/users\/1"}],"replies":[{"embeddable":true,"href":"https:\/\/wp.well-e.org\/fr\/wp-json\/wp\/v2\/comments?post=52"}],"version-history":[{"count":15,"href":"https:\/\/wp.well-e.org\/fr\/wp-json\/wp\/v2\/pages\/52\/revisions"}],"predecessor-version":[{"id":1808,"href":"https:\/\/wp.well-e.org\/fr\/wp-json\/wp\/v2\/pages\/52\/revisions\/1808"}],"wp:attachment":[{"href":"https:\/\/wp.well-e.org\/fr\/wp-json\/wp\/v2\/media?parent=52"}],"curies":[{"name":"wp","href":"https:\/\/api.w.org\/{rel}","templated":true}]}}