{"id":62,"date":"2024-05-13T15:54:42","date_gmt":"2024-05-13T15:54:42","guid":{"rendered":"http:\/\/wp.well-e.org\/?page_id=62"},"modified":"2025-03-07T14:21:09","modified_gmt":"2025-03-07T19:21:09","slug":"axes-de-recherche","status":"publish","type":"page","link":"https:\/\/wp.well-e.org\/fr\/axes-de-recherche\/","title":{"rendered":"Axes de recherche"},"content":{"rendered":"\n<div class=\"wp-block-group alignfull is-layout-constrained wp-block-group-is-layout-constrained\">\n<h2 class=\"wp-block-heading underline-red blue\">Axes<\/h2>\n\n\n\n<div class=\"wp-block-group is-vertical is-layout-flex wp-container-core-group-is-layout-1f26014c wp-block-group-is-layout-flex\">\n<p class=\"wp-block-paragraph\">La recherche \u00e9valuera comment les modifications de l\u2019environnement physique des vaches affectent aussi bien leur bien-\u00eatre que leur long\u00e9vit\u00e9, et comment l\u2019environnement num\u00e9rique am\u00e9liore la capacit\u00e9 des utilisateurs \u00e0 am\u00e9liorer l\u2019exp\u00e9rience physique et psychologique des animaux. Notre recherche repose sur quatre axes.<\/p>\n\n\n\n<ol class=\"wp-block-list\">\n<li>Bien-\u00eatre animal et gestion de troupeau<\/li>\n\n\n\n<li>Bien-\u00eatre animal et long\u00e9vit\u00e9<\/li>\n\n\n\n<li>Collecte efficace et \u00e9conome en \u00e9nergie des donn\u00e9es pr\u00e9dictive et de surveillance<\/li>\n\n\n\n<li>Donn\u00e9es massives, analyse de donn\u00e9es et intelligence artificielle<\/li>\n<\/ol>\n<\/div>\n<\/div>\n\n\n\n<div class=\"wp-block-group alignfull is-layout-constrained wp-block-group-is-layout-constrained\">\n<h2 class=\"wp-block-heading underline-red blue\">Bien-\u00eatre animal et gestion de troupeau<\/h2>\n\n\n\n<div class=\"wp-block-columns is-layout-flex wp-container-core-columns-is-layout-995f960e wp-block-columns-is-layout-flex\">\n<div class=\"wp-block-column is-vertically-aligned-center is-layout-flow wp-block-column-is-layout-flow\" style=\"flex-basis:33.33%\">\n<figure class=\"wp-block-image size-full\"><img loading=\"lazy\" decoding=\"async\" width=\"588\" height=\"435\" src=\"https:\/\/wp.well-e.org\/wp-content\/uploads\/2024\/08\/cows.jpg\" alt=\"\" class=\"wp-image-1064\" srcset=\"https:\/\/wp.well-e.org\/wp-content\/uploads\/2024\/08\/cows.jpg 588w, https:\/\/wp.well-e.org\/wp-content\/uploads\/2024\/08\/cows-300x222.jpg 300w, https:\/\/wp.well-e.org\/wp-content\/uploads\/2024\/08\/cows-16x12.jpg 16w\" sizes=\"auto, (max-width: 588px) 100vw, 588px\" \/><\/figure>\n<\/div>\n\n\n\n<div class=\"wp-block-column is-layout-flow wp-block-column-is-layout-flow\" style=\"flex-basis:66.66%\">\n<div class=\"wp-block-group is-vertical is-layout-flex wp-container-core-group-is-layout-1f26014c wp-block-group-is-layout-flex\">\n<p class=\"wp-block-paragraph\">Cet axe se concentre sur l\u2019environnement de la vache et son impact sur leur bien-\u00eatre, en s\u2019appuyant sur des m\u00e9triques \u00e9valuant les \u00e9motions, la biom\u00e9canique et les biomarqueurs des animaux<br><br>L\u2019\u00e9quipe \u00e9valuera :<\/p>\n\n\n\n<ul class=\"wp-block-list\">\n<li>Les am\u00e9liorations apport\u00e9es aux syst\u00e8mes de stabulation actuels par le biais de l\u2019enrichissement \u00e0 la stalle, des impacts de la manipulation et de l\u2019acc\u00e8s \u00e0 l\u2019exercice<\/li>\n\n\n\n<li>Les impacts de la transition des syst\u00e8mes de stabulation aux syst\u00e8mes sans stabulation pour aider les vaches et les producteurs \u00e0 s\u2019adapter<\/li>\n<\/ul>\n<\/div>\n<\/div>\n<\/div>\n<\/div>\n\n\n\n<div class=\"wp-block-group alignfull has-background is-layout-constrained wp-block-group-is-layout-constrained\" style=\"background-color:#cce4f2\">\n<h2 class=\"wp-block-heading underline-red blue\">Bien-\u00eatre animal et long\u00e9vit\u00e9 des vaches<\/h2>\n\n\n\n<div class=\"wp-block-columns is-layout-flex wp-container-core-columns-is-layout-995f960e wp-block-columns-is-layout-flex\">\n<div class=\"wp-block-column is-layout-flow wp-block-column-is-layout-flow\" style=\"flex-basis:66.66%\">\n<div class=\"wp-block-group is-vertical is-layout-flex wp-container-core-group-is-layout-1f26014c wp-block-group-is-layout-flex\">\n<p class=\"wp-block-paragraph\">Cet axe mesure \u00e0 la fois la rentabilit\u00e9 \u00e0 long terme des troupeaux et la survie des vaches laiti\u00e8res et vise \u00e0 d\u00e9velopper des pr\u00e9dicteurs de long\u00e9vit\u00e9 et de bien-\u00eatre.<br><br>Les mod\u00e8les pr\u00e9dictifs reposent sur :<\/p>\n\n\n\n<ul class=\"wp-block-list\">\n<li>Des indicateurs pr\u00e9coces bas\u00e9s sur l\u2019IA de probl\u00e8mes de bien-\u00eatre<\/li>\n\n\n\n<li>L\u2019apprentissage automatique pour d\u00e9tecter \u00e0 distance les troupeaux \u00e0 risque de d\u00e9t\u00e9rioration du bien-\u00eatre<\/li>\n<\/ul>\n<\/div>\n<\/div>\n\n\n\n<div class=\"wp-block-column is-vertically-aligned-center is-layout-flow wp-block-column-is-layout-flow\" style=\"flex-basis:33.33%\">\n<figure class=\"wp-block-image size-full\"><img loading=\"lazy\" decoding=\"async\" width=\"568\" height=\"568\" src=\"https:\/\/wp.well-e.org\/wp-content\/uploads\/2024\/08\/cow-care.png\" alt=\"\" class=\"wp-image-1065\" srcset=\"https:\/\/wp.well-e.org\/wp-content\/uploads\/2024\/08\/cow-care.png 568w, https:\/\/wp.well-e.org\/wp-content\/uploads\/2024\/08\/cow-care-300x300.png 300w, https:\/\/wp.well-e.org\/wp-content\/uploads\/2024\/08\/cow-care-150x150.png 150w, https:\/\/wp.well-e.org\/wp-content\/uploads\/2024\/08\/cow-care-12x12.png 12w\" sizes=\"auto, (max-width: 568px) 100vw, 568px\" \/><\/figure>\n<\/div>\n<\/div>\n<\/div>\n\n\n\n<div class=\"wp-block-group alignfull is-layout-constrained wp-block-group-is-layout-constrained\">\n<h2 class=\"wp-block-heading underline-red blue\">Collecte efficace et \u00e9conome en \u00e9nergie des donn\u00e9es pr\u00e9dictive et de surveillance<\/h2>\n\n\n\n<div class=\"wp-block-group is-vertical is-layout-flex wp-container-core-group-is-layout-1f26014c wp-block-group-is-layout-flex\">\n<p class=\"wp-block-paragraph\">Cet axe se concentre sur la collecte de donn\u00e9es et sur les moyens d\u2019assurer que celles-ci soient plus fiables et qu\u2019elles soient acquises plus rapidement et efficacement par le biais de notre r\u00e9seau d\u2019exploitants partenaires.<br><br>Objectifs :<\/p>\n\n\n\n<ul class=\"wp-block-list\">\n<li>D\u00e9velopper une infrastructure et des logiciels pour optimiser la collecte et l\u2019analyse de donn\u00e9es des \u00e9cosyst\u00e8mes de fermes laiti\u00e8res<\/li>\n\n\n\n<li>R\u00e9soudre les probl\u00e8mes actuels de collecte et de normalisation de donn\u00e9es provenant de bases de donn\u00e9es commerciales<\/li>\n\n\n\n<li style=\"margin-top:0;margin-bottom:0\">Affiner l\u2019infrastructure existante pour soutenir les axes de recherche no.1 et no.2<\/li>\n<\/ul>\n<\/div>\n<\/div>\n\n\n\n<figure class=\"wp-block-image alignfull size-full has-custom-border\" style=\"margin-top:0;margin-bottom:0\"><img decoding=\"async\" src=\"https:\/\/wp.well-e.org\/wp-content\/uploads\/2024\/08\/ax-3.svg\" alt=\"\" class=\"wp-image-1069\" style=\"border-style:none;border-width:0px\"\/><\/figure>\n\n\n\n<div class=\"wp-block-group alignfull has-background is-layout-constrained wp-block-group-is-layout-constrained\" style=\"background-color:#cce4f2\">\n<h2 class=\"wp-block-heading underline-red blue\">Donn\u00e9es massives, analyse de donn\u00e9es et intelligence artificielle<\/h2>\n\n\n\n<div class=\"wp-block-columns is-layout-flex wp-container-core-columns-is-layout-995f960e wp-block-columns-is-layout-flex\">\n<div class=\"wp-block-column is-vertically-aligned-center is-layout-flow wp-block-column-is-layout-flow\" style=\"flex-basis:33.33%\">\n<figure class=\"wp-block-image size-full\"><img loading=\"lazy\" decoding=\"async\" width=\"614\" height=\"307\" src=\"https:\/\/wp.well-e.org\/wp-content\/uploads\/2024\/08\/images-data.png\" alt=\"\" class=\"wp-image-1067\" srcset=\"https:\/\/wp.well-e.org\/wp-content\/uploads\/2024\/08\/images-data.png 614w, https:\/\/wp.well-e.org\/wp-content\/uploads\/2024\/08\/images-data-300x150.png 300w, https:\/\/wp.well-e.org\/wp-content\/uploads\/2024\/08\/images-data-18x9.png 18w\" sizes=\"auto, (max-width: 614px) 100vw, 614px\" \/><\/figure>\n<\/div>\n\n\n\n<div class=\"wp-block-column is-layout-flow wp-block-column-is-layout-flow\" style=\"flex-basis:66.66%\">\n<div class=\"wp-block-group is-vertical is-layout-flex wp-container-core-group-is-layout-1f26014c wp-block-group-is-layout-flex\">\n<p class=\"wp-block-paragraph\">Cet axe traite du traitement massif des donn\u00e9es, de l\u2019analyse de donn\u00e9es et de l\u2019intelligence artificielle. Il examine \u00e9galement comment relever les d\u00e9fis r\u00e9sultant de la manipulation et du traitement automatis\u00e9s des donn\u00e9es provenant de capteurs et de d\u00e9tecteurs d\u2019activit\u00e9 des vaches. Il vise \u00e0 automatiser les mesures et \u00e0 soutenir le d\u00e9veloppement de mesures dites \u00ab\u2009proxy\u2009\u00bb pour simplifier la prise de d\u00e9cision des utilisateurs.<br><br>Objectifs :<\/p>\n\n\n\n<ul class=\"wp-block-list\">\n<li>Assurer l\u2019int\u00e9gration de donn\u00e9es h\u00e9t\u00e9rog\u00e8nes par la mod\u00e9lisation d\u2019ontologies et de graphes de connaissances afin de repr\u00e9senter des donn\u00e9es provenant de sources multiples<\/li>\n\n\n\n<li>D\u00e9velopper des algorithmes de pr\u00e9diction et de prescription pour soutenir les d\u00e9cisions des producteurs laitiers concernant leur b\u00e9tail<\/li>\n\n\n\n<li>\u00c9valuer les outils de prise de d\u00e9cision bas\u00e9s sur les indicateurs de pr\u00e9diction \u00e0 la ferme<\/li>\n\n\n\n<li>Veiller \u00e0 ce que les outils d\u00e9velopp\u00e9s pour les producteurs laitiers respectent les lois les plus strictes en mati\u00e8re de confidentialit\u00e9<\/li>\n<\/ul>\n<\/div>\n<\/div>\n<\/div>\n<\/div>\n","protected":false},"excerpt":{"rendered":"<p>Axes La recherche \u00e9valuera comment les modifications de l\u2019environnement physique des vaches affectent aussi bien leur bien-\u00eatre que leur long\u00e9vit\u00e9, et comment l\u2019environnement num\u00e9rique am\u00e9liore la capacit\u00e9 des utilisateurs \u00e0 am\u00e9liorer l\u2019exp\u00e9rience physique et psychologique des animaux. Notre recherche repose sur quatre axes. Bien-\u00eatre animal et gestion de troupeau Cet axe se concentre sur l\u2019environnement [&hellip;]<\/p>\n","protected":false},"author":1,"featured_media":1053,"parent":0,"menu_order":0,"comment_status":"closed","ping_status":"closed","template":"","meta":{"_acf_changed":false,"_crdt_document":"","footnotes":""},"class_list":["post-62","page","type-page","status-publish","has-post-thumbnail","hentry"],"blocksy_meta":[],"acf":[],"yoast_head":"<!-- This site is optimized with the Yoast SEO plugin v27.4 - https:\/\/yoast.com\/product\/yoast-seo-wordpress\/ -->\n<title>Axes de recherche - WELL-E<\/title>\n<meta name=\"robots\" content=\"index, follow, max-snippet:-1, max-image-preview:large, max-video-preview:-1\" \/>\n<link rel=\"canonical\" href=\"https:\/\/wp.well-e.org\/fr\/axes-de-recherche\/\" \/>\n<meta property=\"og:locale\" content=\"fr_CA\" \/>\n<meta property=\"og:type\" content=\"article\" \/>\n<meta property=\"og:title\" content=\"Axes de recherche - WELL-E\" \/>\n<meta property=\"og:description\" content=\"Axes La recherche \u00e9valuera comment les modifications de l\u2019environnement physique des vaches affectent aussi bien leur bien-\u00eatre que leur long\u00e9vit\u00e9, et comment l\u2019environnement num\u00e9rique am\u00e9liore la capacit\u00e9 des utilisateurs \u00e0 am\u00e9liorer l\u2019exp\u00e9rience physique et psychologique des animaux. Notre recherche repose sur quatre axes. Bien-\u00eatre animal et gestion de troupeau Cet axe se concentre sur l\u2019environnement [&hellip;]\" \/>\n<meta property=\"og:url\" content=\"https:\/\/wp.well-e.org\/fr\/axes-de-recherche\/\" \/>\n<meta property=\"og:site_name\" content=\"WELL-E\" \/>\n<meta property=\"article:modified_time\" content=\"2025-03-07T19:21:09+00:00\" \/>\n<meta property=\"og:image\" content=\"https:\/\/wp.well-e.org\/wp-content\/uploads\/2024\/08\/page-header-research-axes.jpg\" \/>\n\t<meta property=\"og:image:width\" content=\"1920\" \/>\n\t<meta property=\"og:image:height\" content=\"260\" \/>\n\t<meta property=\"og:image:type\" content=\"image\/jpeg\" \/>\n<meta name=\"twitter:card\" content=\"summary_large_image\" \/>\n<meta name=\"twitter:label1\" content=\"Est. reading time\" \/>\n\t<meta name=\"twitter:data1\" content=\"3 minutes\" \/>\n<script type=\"application\/ld+json\" class=\"yoast-schema-graph\">{\"@context\":\"https:\\\/\\\/schema.org\",\"@graph\":[{\"@type\":\"WebPage\",\"@id\":\"https:\\\/\\\/wp.well-e.org\\\/axes-de-recherche\\\/\",\"url\":\"https:\\\/\\\/wp.well-e.org\\\/axes-de-recherche\\\/\",\"name\":\"Axes de recherche - WELL-E\",\"isPartOf\":{\"@id\":\"https:\\\/\\\/wp.well-e.org\\\/#website\"},\"primaryImageOfPage\":{\"@id\":\"https:\\\/\\\/wp.well-e.org\\\/axes-de-recherche\\\/#primaryimage\"},\"image\":{\"@id\":\"https:\\\/\\\/wp.well-e.org\\\/axes-de-recherche\\\/#primaryimage\"},\"thumbnailUrl\":\"https:\\\/\\\/wp.well-e.org\\\/wp-content\\\/uploads\\\/2024\\\/08\\\/page-header-research-axes.jpg\",\"datePublished\":\"2024-05-13T15:54:42+00:00\",\"dateModified\":\"2025-03-07T19:21:09+00:00\",\"breadcrumb\":{\"@id\":\"https:\\\/\\\/wp.well-e.org\\\/axes-de-recherche\\\/#breadcrumb\"},\"inLanguage\":\"fr-CA\",\"potentialAction\":[{\"@type\":\"ReadAction\",\"target\":[\"https:\\\/\\\/wp.well-e.org\\\/axes-de-recherche\\\/\"]}]},{\"@type\":\"ImageObject\",\"inLanguage\":\"fr-CA\",\"@id\":\"https:\\\/\\\/wp.well-e.org\\\/axes-de-recherche\\\/#primaryimage\",\"url\":\"https:\\\/\\\/wp.well-e.org\\\/wp-content\\\/uploads\\\/2024\\\/08\\\/page-header-research-axes.jpg\",\"contentUrl\":\"https:\\\/\\\/wp.well-e.org\\\/wp-content\\\/uploads\\\/2024\\\/08\\\/page-header-research-axes.jpg\",\"width\":1920,\"height\":260},{\"@type\":\"BreadcrumbList\",\"@id\":\"https:\\\/\\\/wp.well-e.org\\\/axes-de-recherche\\\/#breadcrumb\",\"itemListElement\":[{\"@type\":\"ListItem\",\"position\":1,\"name\":\"Home\",\"item\":\"https:\\\/\\\/wp.well-e.org\\\/\"},{\"@type\":\"ListItem\",\"position\":2,\"name\":\"Axes de recherche\"}]},{\"@type\":\"WebSite\",\"@id\":\"https:\\\/\\\/wp.well-e.org\\\/#website\",\"url\":\"https:\\\/\\\/wp.well-e.org\\\/\",\"name\":\"WELL-E\",\"description\":\"IA au service du bien-&ecirc;tre animal\",\"publisher\":{\"@id\":\"https:\\\/\\\/wp.well-e.org\\\/#organization\"},\"potentialAction\":[{\"@type\":\"SearchAction\",\"target\":{\"@type\":\"EntryPoint\",\"urlTemplate\":\"https:\\\/\\\/wp.well-e.org\\\/?s={search_term_string}\"},\"query-input\":{\"@type\":\"PropertyValueSpecification\",\"valueRequired\":true,\"valueName\":\"search_term_string\"}}],\"inLanguage\":\"fr-CA\"},{\"@type\":\"Organization\",\"@id\":\"https:\\\/\\\/wp.well-e.org\\\/#organization\",\"name\":\"WELL-E\",\"url\":\"https:\\\/\\\/wp.well-e.org\\\/\",\"logo\":{\"@type\":\"ImageObject\",\"inLanguage\":\"fr-CA\",\"@id\":\"https:\\\/\\\/wp.well-e.org\\\/#\\\/schema\\\/logo\\\/image\\\/\",\"url\":\"https:\\\/\\\/wp.well-e.org\\\/wp-content\\\/uploads\\\/2024\\\/05\\\/LOGOTYPETAG_Left_RVB_FR-edited-1-e1718738358443.png\",\"contentUrl\":\"https:\\\/\\\/wp.well-e.org\\\/wp-content\\\/uploads\\\/2024\\\/05\\\/LOGOTYPETAG_Left_RVB_FR-edited-1-e1718738358443.png\",\"width\":1000,\"height\":250,\"caption\":\"WELL-E\"},\"image\":{\"@id\":\"https:\\\/\\\/wp.well-e.org\\\/#\\\/schema\\\/logo\\\/image\\\/\"},\"sameAs\":[\"https:\\\/\\\/www.linkedin.com\\\/company\\\/research-and-innovation-chair-in-animal-welfare-and-artificial-intelligence-well-e\"]}]}<\/script>\n<!-- \/ Yoast SEO plugin. -->","yoast_head_json":{"title":"Axes de recherche - WELL-E","robots":{"index":"index","follow":"follow","max-snippet":"max-snippet:-1","max-image-preview":"max-image-preview:large","max-video-preview":"max-video-preview:-1"},"canonical":"https:\/\/wp.well-e.org\/fr\/axes-de-recherche\/","og_locale":"fr_CA","og_type":"article","og_title":"Axes de recherche - WELL-E","og_description":"Axes La recherche \u00e9valuera comment les modifications de l\u2019environnement physique des vaches affectent aussi bien leur bien-\u00eatre que leur long\u00e9vit\u00e9, et comment l\u2019environnement num\u00e9rique am\u00e9liore la capacit\u00e9 des utilisateurs \u00e0 am\u00e9liorer l\u2019exp\u00e9rience physique et psychologique des animaux. Notre recherche repose sur quatre axes. Bien-\u00eatre animal et gestion de troupeau Cet axe se concentre sur l\u2019environnement [&hellip;]","og_url":"https:\/\/wp.well-e.org\/fr\/axes-de-recherche\/","og_site_name":"WELL-E","article_modified_time":"2025-03-07T19:21:09+00:00","og_image":[{"width":1920,"height":260,"url":"https:\/\/wp.well-e.org\/wp-content\/uploads\/2024\/08\/page-header-research-axes.jpg","type":"image\/jpeg"}],"twitter_card":"summary_large_image","twitter_misc":{"Est. reading time":"3 minutes"},"schema":{"@context":"https:\/\/schema.org","@graph":[{"@type":"WebPage","@id":"https:\/\/wp.well-e.org\/axes-de-recherche\/","url":"https:\/\/wp.well-e.org\/axes-de-recherche\/","name":"Axes de recherche - WELL-E","isPartOf":{"@id":"https:\/\/wp.well-e.org\/#website"},"primaryImageOfPage":{"@id":"https:\/\/wp.well-e.org\/axes-de-recherche\/#primaryimage"},"image":{"@id":"https:\/\/wp.well-e.org\/axes-de-recherche\/#primaryimage"},"thumbnailUrl":"https:\/\/wp.well-e.org\/wp-content\/uploads\/2024\/08\/page-header-research-axes.jpg","datePublished":"2024-05-13T15:54:42+00:00","dateModified":"2025-03-07T19:21:09+00:00","breadcrumb":{"@id":"https:\/\/wp.well-e.org\/axes-de-recherche\/#breadcrumb"},"inLanguage":"fr-CA","potentialAction":[{"@type":"ReadAction","target":["https:\/\/wp.well-e.org\/axes-de-recherche\/"]}]},{"@type":"ImageObject","inLanguage":"fr-CA","@id":"https:\/\/wp.well-e.org\/axes-de-recherche\/#primaryimage","url":"https:\/\/wp.well-e.org\/wp-content\/uploads\/2024\/08\/page-header-research-axes.jpg","contentUrl":"https:\/\/wp.well-e.org\/wp-content\/uploads\/2024\/08\/page-header-research-axes.jpg","width":1920,"height":260},{"@type":"BreadcrumbList","@id":"https:\/\/wp.well-e.org\/axes-de-recherche\/#breadcrumb","itemListElement":[{"@type":"ListItem","position":1,"name":"Home","item":"https:\/\/wp.well-e.org\/"},{"@type":"ListItem","position":2,"name":"Axes de recherche"}]},{"@type":"WebSite","@id":"https:\/\/wp.well-e.org\/#website","url":"https:\/\/wp.well-e.org\/","name":"WELL-E","description":"IA au service du bien-&ecirc;tre animal","publisher":{"@id":"https:\/\/wp.well-e.org\/#organization"},"potentialAction":[{"@type":"SearchAction","target":{"@type":"EntryPoint","urlTemplate":"https:\/\/wp.well-e.org\/?s={search_term_string}"},"query-input":{"@type":"PropertyValueSpecification","valueRequired":true,"valueName":"search_term_string"}}],"inLanguage":"fr-CA"},{"@type":"Organization","@id":"https:\/\/wp.well-e.org\/#organization","name":"WELL-E","url":"https:\/\/wp.well-e.org\/","logo":{"@type":"ImageObject","inLanguage":"fr-CA","@id":"https:\/\/wp.well-e.org\/#\/schema\/logo\/image\/","url":"https:\/\/wp.well-e.org\/wp-content\/uploads\/2024\/05\/LOGOTYPETAG_Left_RVB_FR-edited-1-e1718738358443.png","contentUrl":"https:\/\/wp.well-e.org\/wp-content\/uploads\/2024\/05\/LOGOTYPETAG_Left_RVB_FR-edited-1-e1718738358443.png","width":1000,"height":250,"caption":"WELL-E"},"image":{"@id":"https:\/\/wp.well-e.org\/#\/schema\/logo\/image\/"},"sameAs":["https:\/\/www.linkedin.com\/company\/research-and-innovation-chair-in-animal-welfare-and-artificial-intelligence-well-e"]}]}},"_links":{"self":[{"href":"https:\/\/wp.well-e.org\/fr\/wp-json\/wp\/v2\/pages\/62","targetHints":{"allow":["GET"]}}],"collection":[{"href":"https:\/\/wp.well-e.org\/fr\/wp-json\/wp\/v2\/pages"}],"about":[{"href":"https:\/\/wp.well-e.org\/fr\/wp-json\/wp\/v2\/types\/page"}],"author":[{"embeddable":true,"href":"https:\/\/wp.well-e.org\/fr\/wp-json\/wp\/v2\/users\/1"}],"replies":[{"embeddable":true,"href":"https:\/\/wp.well-e.org\/fr\/wp-json\/wp\/v2\/comments?post=62"}],"version-history":[{"count":7,"href":"https:\/\/wp.well-e.org\/fr\/wp-json\/wp\/v2\/pages\/62\/revisions"}],"predecessor-version":[{"id":1805,"href":"https:\/\/wp.well-e.org\/fr\/wp-json\/wp\/v2\/pages\/62\/revisions\/1805"}],"wp:featuredmedia":[{"embeddable":true,"href":"https:\/\/wp.well-e.org\/fr\/wp-json\/wp\/v2\/media\/1053"}],"wp:attachment":[{"href":"https:\/\/wp.well-e.org\/fr\/wp-json\/wp\/v2\/media?parent=62"}],"curies":[{"name":"wp","href":"https:\/\/api.w.org\/{rel}","templated":true}]}}