{"id":64,"date":"2024-05-13T15:54:54","date_gmt":"2024-05-13T15:54:54","guid":{"rendered":"http:\/\/wp.well-e.org\/?page_id=64"},"modified":"2025-03-07T13:11:52","modified_gmt":"2025-03-07T18:11:52","slug":"projets-de-recherche","status":"publish","type":"page","link":"https:\/\/wp.well-e.org\/fr\/projets-de-recherche\/","title":{"rendered":"Projets de recherche"},"content":{"rendered":"\n<figure class=\"wp-block-image alignwide size-full has-custom-border is-style-default\"><img loading=\"lazy\" decoding=\"async\" width=\"1920\" height=\"904\" src=\"https:\/\/wp.well-e.org\/wp-content\/uploads\/2024\/08\/research-projects.jpg\" alt=\"\" class=\"wp-image-1073\" style=\"border-style:none;border-width:0px\" srcset=\"https:\/\/wp.well-e.org\/wp-content\/uploads\/2024\/08\/research-projects.jpg 1920w, https:\/\/wp.well-e.org\/wp-content\/uploads\/2024\/08\/research-projects-300x141.jpg 300w, https:\/\/wp.well-e.org\/wp-content\/uploads\/2024\/08\/research-projects-1024x482.jpg 1024w, https:\/\/wp.well-e.org\/wp-content\/uploads\/2024\/08\/research-projects-768x362.jpg 768w, https:\/\/wp.well-e.org\/wp-content\/uploads\/2024\/08\/research-projects-1536x723.jpg 1536w, https:\/\/wp.well-e.org\/wp-content\/uploads\/2024\/08\/research-projects-18x8.jpg 18w\" sizes=\"auto, (max-width: 1920px) 100vw, 1920px\" \/><\/figure>\n\n\n\n<h2 class=\"wp-block-heading underline-red blue\">Vue d&rsquo;ensemble du projet WELL-E:<br>Un laboratoire num\u00e9rique vivant avec une approche centr\u00e9e sur les animaux et les utilisateurs finaux<\/h2>\n\n\n\n<div class=\"wp-block-group alignfull is-layout-constrained wp-block-group-is-layout-constrained\">\n<div class=\"wp-block-columns is-layout-flex wp-container-core-columns-is-layout-995f960e wp-block-columns-is-layout-flex\">\n<div class=\"wp-block-column is-layout-flow wp-block-column-is-layout-flow\" style=\"flex-basis:33.33%\">\n<div id=\"metaslider-id-1079\" style=\"width: 100%;\" class=\"ml-slider-3-108-0 metaslider metaslider-flex metaslider-1079 ml-slider has-dots-nav ms-theme-default\" role=\"region\" aria-label=\"New Slideshow\" data-height=\"1005\" data-width=\"1264\">\n    <div id=\"metaslider_container_1079\">\n        <div id=\"metaslider_1079\">\n            <ul class='slides'>\n                <li style=\"display: block; width: 100%;\" class=\"slide-1080 ms-image \" aria-roledescription=\"slide\" data-date=\"2024-08-15 18:52:28\" data-filename=\"lotWork1.png\" data-slide-type=\"image\"><img loading=\"lazy\" decoding=\"async\" src=\"https:\/\/wp.well-e.org\/wp-content\/uploads\/2024\/08\/lotWork1.png\" height=\"1005\" width=\"1264\" alt=\"\" class=\"slider-1079 slide-1080 msDefaultImage\" title=\"lotWork1\" \/><\/li>\n                <li style=\"display: none; width: 100%;\" class=\"slide-1081 ms-image \" aria-roledescription=\"slide\" data-date=\"2024-08-15 18:52:28\" data-filename=\"lotWork3.png\" data-slide-type=\"image\"><img loading=\"lazy\" decoding=\"async\" src=\"https:\/\/wp.well-e.org\/wp-content\/uploads\/2024\/08\/lotWork3.png\" height=\"1005\" width=\"1264\" alt=\"\" class=\"slider-1079 slide-1081 msDefaultImage\" title=\"lotWork3\" \/><\/li>\n                <li style=\"display: none; width: 100%;\" class=\"slide-1082 ms-image \" aria-roledescription=\"slide\" data-date=\"2024-08-15 18:52:28\" data-filename=\"lotWork2.png\" data-slide-type=\"image\"><img loading=\"lazy\" decoding=\"async\" src=\"https:\/\/wp.well-e.org\/wp-content\/uploads\/2024\/08\/lotWork2.png\" height=\"1005\" width=\"1264\" alt=\"\" class=\"slider-1079 slide-1082 msDefaultImage\" title=\"lotWork2\" \/><\/li>\n            <\/ul>\n        <\/div>\n        \n    <\/div>\n<\/div>\n<\/div>\n\n\n\n<div class=\"wp-block-column is-layout-flow wp-block-column-is-layout-flow\" style=\"flex-basis:66.66%\">\n<div class=\"wp-block-group is-vertical is-layout-flex wp-container-core-group-is-layout-1f26014c wp-block-group-is-layout-flex\">\n<p class=\"wp-block-paragraph\">En lien avec notre recherche sur le bien-\u00eatre animal et la long\u00e9vit\u00e9, le projet command\u00e9 par Prompt se concentre sur la recherche et le d\u00e9veloppement de la t\u00e9l\u00e9d\u00e9tection et de l\u2019acquisition de donn\u00e9es (dans les fermes), la conception et l\u2019apprentissage de la repr\u00e9sentation des caract\u00e9ristiques, l\u2019apprentissage automatique et la confidentialit\u00e9, de m\u00eame que sur la recherche ax\u00e9e sur les donn\u00e9es \u00e9volutives et durables, ainsi que le soutien \u00e0 la prise de d\u00e9cision pour l\u2019industrie laiti\u00e8re.<\/p>\n\n\n\n<p class=\"wp-block-paragraph\">Le laboratoire num\u00e9rique vivant de WELL-E sera divis\u00e9 en trois projets principaux:<\/p>\n\n\n\n<ul class=\"wp-block-list\">\n<li>Conception d\u2019une infrastructure et de logiciels pour les donn\u00e9es int\u00e9gr\u00e9es<\/li>\n\n\n\n<li>Apprentissage automatique et int\u00e9gration de connaissances multisources pour les donn\u00e9es laiti\u00e8res pr\u00e9dictives<\/li>\n\n\n\n<li>Visualisation des donn\u00e9es laiti\u00e8res et conception de plateformes<\/li>\n<\/ul>\n<\/div>\n<\/div>\n<\/div>\n<\/div>\n\n\n\n<div class=\"wp-block-group alignfull has-background is-layout-constrained wp-block-group-is-layout-constrained\" style=\"background-color:#cce4f2\">\n<div class=\"wp-block-columns is-layout-flex wp-container-core-columns-is-layout-995f960e wp-block-columns-is-layout-flex\">\n<div class=\"wp-block-column is-vertically-aligned-center is-layout-flow wp-block-column-is-layout-flow\" style=\"flex-basis:33.33%\">\n<figure class=\"wp-block-image size-full\"><img decoding=\"async\" src=\"https:\/\/wp.well-e.org\/wp-content\/uploads\/2024\/08\/gait-hoof-methods.svg\" alt=\"\" class=\"wp-image-1084\"\/><\/figure>\n<\/div>\n\n\n\n<div class=\"wp-block-column is-layout-flow wp-block-column-is-layout-flow\" style=\"flex-basis:66.66%\">\n<div class=\"wp-block-group is-vertical is-layout-flex wp-container-core-group-is-layout-1f26014c wp-block-group-is-layout-flex\">\n<p class=\"wp-block-paragraph\">Dans le cadre d\u2019une collaboration avec le CRSNG, WELL-E m\u00e8nera des recherches sur l\u2019utilisation de la t\u00e9l\u00e9d\u00e9tection et de l\u2019IA pour am\u00e9liorer notre capacit\u00e9 \u00e0 d\u00e9tecter les changements dans le bien-\u00eatre et la long\u00e9vit\u00e9 avant l\u2019apparition de r\u00e9sultats visibles, et \u00e0 g\u00e9n\u00e9rer des pr\u00e9dictions pour soutenir la prise de d\u00e9cision en ferme.<\/p>\n\n\n\n<p class=\"wp-block-paragraph\">Les sources de donn\u00e9es du laboratoire num\u00e9rique vivant de WELL-E comprendront :<\/p>\n\n\n\n<ul class=\"wp-block-list\">\n<li>Deux fermes de recherche produisant des r\u00e9sultats reproductibles et cr\u00e9dibles<\/li>\n\n\n\n<li>Un r\u00e9seau croissant de fermes commerciales pour la recherche n\u00e9cessitant des analyses longitudinales<\/li>\n\n\n\n<li>De la r\u00e9troaction des utilisateurs pour valider la faisabilit\u00e9 des recommandations<\/li>\n<\/ul>\n<\/div>\n<\/div>\n<\/div>\n<\/div>\n\n\n\n<h2 class=\"wp-block-heading\">Communtaut\u00e9 d\u2019apprentissage et de transfert des connaissances (KTT) de WELL-E<\/h2>\n\n\n\n<div class=\"wp-block-group alignfull has-background is-layout-constrained wp-block-group-is-layout-constrained\">\n<div class=\"wp-block-columns is-layout-flex wp-container-core-columns-is-layout-995f960e wp-block-columns-is-layout-flex\">\n<div class=\"wp-block-column is-vertically-aligned-center is-layout-flow wp-block-column-is-layout-flow\" style=\"flex-basis:33.33%\">\n<figure class=\"wp-block-image size-full is-resized\"><img decoding=\"async\" src=\"https:\/\/wp.well-e.org\/wp-content\/uploads\/2024\/09\/ktt-fr.png\" alt=\"\" class=\"wp-image-1084\" style=\"width:412px;height:auto\"\/><\/figure>\n<\/div>\n\n\n\n<div class=\"wp-block-column is-layout-flow wp-block-column-is-layout-flow\" style=\"flex-basis:66.66%\">\n<div class=\"wp-block-group is-vertical is-layout-flex wp-container-core-group-is-layout-1f26014c wp-block-group-is-layout-flex\">\n<p class=\"wp-block-paragraph\">Dans le cadre d\u2019une collaboration avec les professeurs Helen Hambly (Universit\u00e9 de Guelph) et Steven Roche (ACER Consulting), nous \u00e9tudierons les aspects de sciences humaines (renforcement des aptitudes, extension, mobilisation des savoirs) du projet WELL-E. Notre travail utilisera une approche multipartite ancr\u00e9e dans les int\u00e9r\u00eats des producteurs, associations de producteurs, partenaires industriels, organismes de financement, chercheurs et institutions d\u2019enseignement, et autres membres de WELL-E, afin de former, par l\u2019entremise de ce programme, des individus, organismes, r\u00e9seaux, et syst\u00e8mes selon une m\u00e9thode qui place les besoins de ces groupes au premier plan. Nous assurerons ainsi une allocation judicieuse des ressources disponibles pour mener \u00e0 bien la formation de personnel hautement qualifi\u00e9 et d\u2019\u00e9quipe innovatrices par l\u2019entremise des projets et activit\u00e9s futures de WELL-E.<br><br>\u00c0 cette fin, l\u2019\u00e9valuation des besoins facilitera le d\u00e9veloppement de pratiques d\u00e9di\u00e9es \u00e0 l\u2019am\u00e9lioration du bien-\u00eatre des vaches laiti\u00e8res, ainsi que d\u2019outils bas\u00e9s sur l\u2019intelligence artificielle pour aider \u00e0 la prise de d\u00e9cisions \u00e0 la ferme. De plus, nous envisageons d\u2019impliquer chercheurs et partenaires dans la cr\u00e9ation d\u2019une communaut\u00e9 d\u2019apprentissage qui soutiendra l\u2019initiative WELL-E dans ses activit\u00e9s.<\/p>\n<\/div>\n<\/div>\n<\/div>\n<\/div>\n\n\n\n<p class=\"wp-block-paragraph\">La communaut\u00e9 d\u2019apprentissage et le projet de transfert des connaissances de WELL-E auront trois principaux objectifs&nbsp;:<\/p>\n\n\n\n<ul class=\"wp-block-list\">\n<li>Engager une discussion avec les participants dans le but d\u2019identifier les apprentissages dont ils ont besoin et les amener \u00e0 prioriser les activit\u00e9s formatrices r\u00e9pondant \u00e0 leurs besoins;<\/li>\n\n\n\n<li>Former les participants \u00e0 \u00e9valuer l\u2019\u00e9tat de leurs connaissances et aptitudes, ainsi que le d\u00e9veloppement des aptitudes qui permettront de compl\u00e9ter la recherche pr\u00e9vue dans WELL-E;<\/li>\n\n\n\n<li>Identifier les lacunes \u00e0 cibler en priorit\u00e9 pour mieux cibler quelles activit\u00e9s d\u2019apprentissage d\u00e9velopper et d\u00e9velopper ces activit\u00e9s.<\/li>\n<\/ul>\n\n\n<p><!-- \/wp:post-content --><\/p>\n<p><!-- \/wp:column --><\/p>\n<p><!-- \/wp:columns --><\/p>\n<p><!-- \/wp:group --><\/p>\n<p><!-- wp:paragraph --><\/p>\n<p><!-- \/wp:paragraph --><\/p>\n<p><!-- wp:paragraph --><\/p>\n<p><!-- \/wp:paragraph --><\/p>\n<p><!-- wp:paragraph --><\/p>\n<p><!-- \/wp:paragraph --><\/p>","protected":false},"excerpt":{"rendered":"<p>Vue d&rsquo;ensemble du projet WELL-E:Un laboratoire num\u00e9rique vivant avec une approche centr\u00e9e sur les animaux et les utilisateurs finaux En lien avec notre recherche sur le bien-\u00eatre animal et la long\u00e9vit\u00e9, le projet command\u00e9 par Prompt se concentre sur la recherche et le d\u00e9veloppement de la t\u00e9l\u00e9d\u00e9tection et de l\u2019acquisition de donn\u00e9es (dans les fermes), [&hellip;]<\/p>\n","protected":false},"author":1,"featured_media":1053,"parent":0,"menu_order":0,"comment_status":"closed","ping_status":"closed","template":"","meta":{"_acf_changed":false,"_crdt_document":"","footnotes":""},"class_list":["post-64","page","type-page","status-publish","has-post-thumbnail","hentry"],"blocksy_meta":[],"acf":[],"yoast_head":"<!-- This site is optimized with the Yoast SEO plugin v27.4 - https:\/\/yoast.com\/product\/yoast-seo-wordpress\/ -->\n<title>Projets de recherche - WELL-E<\/title>\n<meta name=\"robots\" content=\"index, follow, max-snippet:-1, max-image-preview:large, max-video-preview:-1\" \/>\n<link rel=\"canonical\" href=\"https:\/\/wp.well-e.org\/fr\/projets-de-recherche\/\" \/>\n<meta property=\"og:locale\" content=\"fr_CA\" \/>\n<meta property=\"og:type\" content=\"article\" \/>\n<meta property=\"og:title\" content=\"Projets de recherche - WELL-E\" \/>\n<meta property=\"og:description\" content=\"Vue d&rsquo;ensemble du projet WELL-E:Un laboratoire num\u00e9rique vivant avec une approche centr\u00e9e sur les animaux et les utilisateurs finaux En lien avec notre recherche sur le bien-\u00eatre animal et la long\u00e9vit\u00e9, le projet command\u00e9 par Prompt se concentre sur la recherche et le d\u00e9veloppement de la t\u00e9l\u00e9d\u00e9tection et de l\u2019acquisition de donn\u00e9es (dans les fermes), [&hellip;]\" \/>\n<meta property=\"og:url\" content=\"https:\/\/wp.well-e.org\/fr\/projets-de-recherche\/\" \/>\n<meta property=\"og:site_name\" content=\"WELL-E\" \/>\n<meta property=\"article:modified_time\" content=\"2025-03-07T18:11:52+00:00\" \/>\n<meta property=\"og:image\" content=\"https:\/\/wp.well-e.org\/wp-content\/uploads\/2024\/08\/page-header-research-axes.jpg\" \/>\n\t<meta property=\"og:image:width\" content=\"1920\" \/>\n\t<meta property=\"og:image:height\" content=\"260\" \/>\n\t<meta property=\"og:image:type\" content=\"image\/jpeg\" \/>\n<meta name=\"twitter:card\" content=\"summary_large_image\" \/>\n<meta name=\"twitter:label1\" content=\"Est. reading time\" \/>\n\t<meta name=\"twitter:data1\" content=\"3 minutes\" \/>\n<script type=\"application\/ld+json\" class=\"yoast-schema-graph\">{\"@context\":\"https:\\\/\\\/schema.org\",\"@graph\":[{\"@type\":\"WebPage\",\"@id\":\"https:\\\/\\\/wp.well-e.org\\\/projets-de-recherche\\\/\",\"url\":\"https:\\\/\\\/wp.well-e.org\\\/projets-de-recherche\\\/\",\"name\":\"Projets de recherche - WELL-E\",\"isPartOf\":{\"@id\":\"https:\\\/\\\/wp.well-e.org\\\/#website\"},\"primaryImageOfPage\":{\"@id\":\"https:\\\/\\\/wp.well-e.org\\\/projets-de-recherche\\\/#primaryimage\"},\"image\":{\"@id\":\"https:\\\/\\\/wp.well-e.org\\\/projets-de-recherche\\\/#primaryimage\"},\"thumbnailUrl\":\"https:\\\/\\\/wp.well-e.org\\\/wp-content\\\/uploads\\\/2024\\\/08\\\/page-header-research-axes.jpg\",\"datePublished\":\"2024-05-13T15:54:54+00:00\",\"dateModified\":\"2025-03-07T18:11:52+00:00\",\"breadcrumb\":{\"@id\":\"https:\\\/\\\/wp.well-e.org\\\/projets-de-recherche\\\/#breadcrumb\"},\"inLanguage\":\"fr-CA\",\"potentialAction\":[{\"@type\":\"ReadAction\",\"target\":[\"https:\\\/\\\/wp.well-e.org\\\/projets-de-recherche\\\/\"]}]},{\"@type\":\"ImageObject\",\"inLanguage\":\"fr-CA\",\"@id\":\"https:\\\/\\\/wp.well-e.org\\\/projets-de-recherche\\\/#primaryimage\",\"url\":\"https:\\\/\\\/wp.well-e.org\\\/wp-content\\\/uploads\\\/2024\\\/08\\\/page-header-research-axes.jpg\",\"contentUrl\":\"https:\\\/\\\/wp.well-e.org\\\/wp-content\\\/uploads\\\/2024\\\/08\\\/page-header-research-axes.jpg\",\"width\":1920,\"height\":260},{\"@type\":\"BreadcrumbList\",\"@id\":\"https:\\\/\\\/wp.well-e.org\\\/projets-de-recherche\\\/#breadcrumb\",\"itemListElement\":[{\"@type\":\"ListItem\",\"position\":1,\"name\":\"Home\",\"item\":\"https:\\\/\\\/wp.well-e.org\\\/\"},{\"@type\":\"ListItem\",\"position\":2,\"name\":\"Projets de recherche\"}]},{\"@type\":\"WebSite\",\"@id\":\"https:\\\/\\\/wp.well-e.org\\\/#website\",\"url\":\"https:\\\/\\\/wp.well-e.org\\\/\",\"name\":\"WELL-E\",\"description\":\"IA au service du bien-&ecirc;tre animal\",\"publisher\":{\"@id\":\"https:\\\/\\\/wp.well-e.org\\\/#organization\"},\"potentialAction\":[{\"@type\":\"SearchAction\",\"target\":{\"@type\":\"EntryPoint\",\"urlTemplate\":\"https:\\\/\\\/wp.well-e.org\\\/?s={search_term_string}\"},\"query-input\":{\"@type\":\"PropertyValueSpecification\",\"valueRequired\":true,\"valueName\":\"search_term_string\"}}],\"inLanguage\":\"fr-CA\"},{\"@type\":\"Organization\",\"@id\":\"https:\\\/\\\/wp.well-e.org\\\/#organization\",\"name\":\"WELL-E\",\"url\":\"https:\\\/\\\/wp.well-e.org\\\/\",\"logo\":{\"@type\":\"ImageObject\",\"inLanguage\":\"fr-CA\",\"@id\":\"https:\\\/\\\/wp.well-e.org\\\/#\\\/schema\\\/logo\\\/image\\\/\",\"url\":\"https:\\\/\\\/wp.well-e.org\\\/wp-content\\\/uploads\\\/2024\\\/05\\\/LOGOTYPETAG_Left_RVB_FR-edited-1-e1718738358443.png\",\"contentUrl\":\"https:\\\/\\\/wp.well-e.org\\\/wp-content\\\/uploads\\\/2024\\\/05\\\/LOGOTYPETAG_Left_RVB_FR-edited-1-e1718738358443.png\",\"width\":1000,\"height\":250,\"caption\":\"WELL-E\"},\"image\":{\"@id\":\"https:\\\/\\\/wp.well-e.org\\\/#\\\/schema\\\/logo\\\/image\\\/\"},\"sameAs\":[\"https:\\\/\\\/www.linkedin.com\\\/company\\\/research-and-innovation-chair-in-animal-welfare-and-artificial-intelligence-well-e\"]}]}<\/script>\n<!-- \/ Yoast SEO plugin. -->","yoast_head_json":{"title":"Projets de recherche - WELL-E","robots":{"index":"index","follow":"follow","max-snippet":"max-snippet:-1","max-image-preview":"max-image-preview:large","max-video-preview":"max-video-preview:-1"},"canonical":"https:\/\/wp.well-e.org\/fr\/projets-de-recherche\/","og_locale":"fr_CA","og_type":"article","og_title":"Projets de recherche - WELL-E","og_description":"Vue d&rsquo;ensemble du projet WELL-E:Un laboratoire num\u00e9rique vivant avec une approche centr\u00e9e sur les animaux et les utilisateurs finaux En lien avec notre recherche sur le bien-\u00eatre animal et la long\u00e9vit\u00e9, le projet command\u00e9 par Prompt se concentre sur la recherche et le d\u00e9veloppement de la t\u00e9l\u00e9d\u00e9tection et de l\u2019acquisition de donn\u00e9es (dans les fermes), [&hellip;]","og_url":"https:\/\/wp.well-e.org\/fr\/projets-de-recherche\/","og_site_name":"WELL-E","article_modified_time":"2025-03-07T18:11:52+00:00","og_image":[{"width":1920,"height":260,"url":"https:\/\/wp.well-e.org\/wp-content\/uploads\/2024\/08\/page-header-research-axes.jpg","type":"image\/jpeg"}],"twitter_card":"summary_large_image","twitter_misc":{"Est. reading time":"3 minutes"},"schema":{"@context":"https:\/\/schema.org","@graph":[{"@type":"WebPage","@id":"https:\/\/wp.well-e.org\/projets-de-recherche\/","url":"https:\/\/wp.well-e.org\/projets-de-recherche\/","name":"Projets de recherche - WELL-E","isPartOf":{"@id":"https:\/\/wp.well-e.org\/#website"},"primaryImageOfPage":{"@id":"https:\/\/wp.well-e.org\/projets-de-recherche\/#primaryimage"},"image":{"@id":"https:\/\/wp.well-e.org\/projets-de-recherche\/#primaryimage"},"thumbnailUrl":"https:\/\/wp.well-e.org\/wp-content\/uploads\/2024\/08\/page-header-research-axes.jpg","datePublished":"2024-05-13T15:54:54+00:00","dateModified":"2025-03-07T18:11:52+00:00","breadcrumb":{"@id":"https:\/\/wp.well-e.org\/projets-de-recherche\/#breadcrumb"},"inLanguage":"fr-CA","potentialAction":[{"@type":"ReadAction","target":["https:\/\/wp.well-e.org\/projets-de-recherche\/"]}]},{"@type":"ImageObject","inLanguage":"fr-CA","@id":"https:\/\/wp.well-e.org\/projets-de-recherche\/#primaryimage","url":"https:\/\/wp.well-e.org\/wp-content\/uploads\/2024\/08\/page-header-research-axes.jpg","contentUrl":"https:\/\/wp.well-e.org\/wp-content\/uploads\/2024\/08\/page-header-research-axes.jpg","width":1920,"height":260},{"@type":"BreadcrumbList","@id":"https:\/\/wp.well-e.org\/projets-de-recherche\/#breadcrumb","itemListElement":[{"@type":"ListItem","position":1,"name":"Home","item":"https:\/\/wp.well-e.org\/"},{"@type":"ListItem","position":2,"name":"Projets de recherche"}]},{"@type":"WebSite","@id":"https:\/\/wp.well-e.org\/#website","url":"https:\/\/wp.well-e.org\/","name":"WELL-E","description":"IA au service du bien-&ecirc;tre animal","publisher":{"@id":"https:\/\/wp.well-e.org\/#organization"},"potentialAction":[{"@type":"SearchAction","target":{"@type":"EntryPoint","urlTemplate":"https:\/\/wp.well-e.org\/?s={search_term_string}"},"query-input":{"@type":"PropertyValueSpecification","valueRequired":true,"valueName":"search_term_string"}}],"inLanguage":"fr-CA"},{"@type":"Organization","@id":"https:\/\/wp.well-e.org\/#organization","name":"WELL-E","url":"https:\/\/wp.well-e.org\/","logo":{"@type":"ImageObject","inLanguage":"fr-CA","@id":"https:\/\/wp.well-e.org\/#\/schema\/logo\/image\/","url":"https:\/\/wp.well-e.org\/wp-content\/uploads\/2024\/05\/LOGOTYPETAG_Left_RVB_FR-edited-1-e1718738358443.png","contentUrl":"https:\/\/wp.well-e.org\/wp-content\/uploads\/2024\/05\/LOGOTYPETAG_Left_RVB_FR-edited-1-e1718738358443.png","width":1000,"height":250,"caption":"WELL-E"},"image":{"@id":"https:\/\/wp.well-e.org\/#\/schema\/logo\/image\/"},"sameAs":["https:\/\/www.linkedin.com\/company\/research-and-innovation-chair-in-animal-welfare-and-artificial-intelligence-well-e"]}]}},"_links":{"self":[{"href":"https:\/\/wp.well-e.org\/fr\/wp-json\/wp\/v2\/pages\/64","targetHints":{"allow":["GET"]}}],"collection":[{"href":"https:\/\/wp.well-e.org\/fr\/wp-json\/wp\/v2\/pages"}],"about":[{"href":"https:\/\/wp.well-e.org\/fr\/wp-json\/wp\/v2\/types\/page"}],"author":[{"embeddable":true,"href":"https:\/\/wp.well-e.org\/fr\/wp-json\/wp\/v2\/users\/1"}],"replies":[{"embeddable":true,"href":"https:\/\/wp.well-e.org\/fr\/wp-json\/wp\/v2\/comments?post=64"}],"version-history":[{"count":22,"href":"https:\/\/wp.well-e.org\/fr\/wp-json\/wp\/v2\/pages\/64\/revisions"}],"predecessor-version":[{"id":1802,"href":"https:\/\/wp.well-e.org\/fr\/wp-json\/wp\/v2\/pages\/64\/revisions\/1802"}],"wp:featuredmedia":[{"embeddable":true,"href":"https:\/\/wp.well-e.org\/fr\/wp-json\/wp\/v2\/media\/1053"}],"wp:attachment":[{"href":"https:\/\/wp.well-e.org\/fr\/wp-json\/wp\/v2\/media?parent=64"}],"curies":[{"name":"wp","href":"https:\/\/api.w.org\/{rel}","templated":true}]}}