{"id":707,"date":"2024-08-08T18:05:27","date_gmt":"2024-08-08T22:05:27","guid":{"rendered":"https:\/\/wp.well-e.org\/?page_id=707"},"modified":"2026-02-04T14:01:05","modified_gmt":"2026-02-04T19:01:05","slug":"home","status":"publish","type":"page","link":"https:\/\/wp.well-e.org\/fr\/","title":{"rendered":""},"content":{"rendered":"\n<div class=\"wp-block-group is-content-justification-center is-nowrap is-layout-flex wp-container-core-group-is-layout-baa833e1 wp-block-group-is-layout-flex\">\n<div style=\"height:100px;width:0px\" aria-hidden=\"true\" class=\"wp-block-spacer wp-container-content-6388d5dc\"><\/div>\n\n\n\n<div class=\"iframe_video\">\n <video poster=\"\/wp-content\/uploads\/2024\/05\/poster-video-home.jpg\" muted autoplay>\n  <source src=\"\/wp-content\/uploads\/2024\/05\/welle-anim.mp4\" type=\"video\/mp4\">\n <\/video>\n <a class=\"playvideo\" href=\"https:\/\/youtu.be\/BSSPm61fasc?si=b1WM5FRlBBb8Q66T\" target=\"_blank\" rel=\"noopener\">\n  <img decoding=\"async\" src=\"\/wp-content\/uploads\/2024\/06\/icone-youtube.png\" alt=\"\" role=\"presentation\", width=\"50\" height=auto>\n <\/a>\n<\/div>\n\n\n\n<div style=\"height:100px;width:0px\" aria-hidden=\"true\" class=\"wp-block-spacer wp-container-content-6388d5dc\"><\/div>\n<\/div>\n\n\n\n<div style=\"height:50px\" aria-hidden=\"true\" class=\"wp-block-spacer\"><\/div>\n\n\n\n<div class=\"wp-block-group alignfull is-content-justification-center is-layout-constrained wp-container-core-group-is-layout-a236cf1f wp-block-group-is-layout-constrained has-background\" style=\"margin-top:0;margin-bottom:0;padding-top:var(--wp--preset--spacing--80);padding-bottom:var(--wp--preset--spacing--80);background-image:url(&apos;https:\/\/wp.well-e.org\/wp-content\/uploads\/2024\/05\/bg-home-about.png&apos;);background-position:2% 26%;background-size:cover;background-attachment:scroll;\">\n<h2 class=\"wp-block-heading\">WELL-E : Chaire recherche-innovation en bien-\u00eatre animal et intelligence artificielle<\/h2>\n\n\n\n<p class=\"wp-block-paragraph\">WELL-E, la premi\u00e8re chaire de recherche de son genre en bien-\u00eatre animal et en intelligence artificielle, r\u00e9alisera des innovations de pointe en informatique pour am\u00e9liorer le bien-\u00eatre et la long\u00e9vit\u00e9 des vaches laiti\u00e8res au Canada.<\/p>\n\n\n\n<p class=\"wp-block-paragraph\">Cette initiative de cinq ans est financ\u00e9e par le programme Alliance du CRSNG et PROMPT et soutenue par l\u2019Universit\u00e9 McGill, l\u2019Universit\u00e9 du Qu\u00e9bec \u00e0 Montr\u00e9al (l\u2019UQ\u00c0M) ainsi que par Novalait, Les Producteurs laitiers du Canada (PLC), Dairy Farmers of Ontario (DFO), Les Producteurs de lait du Qu\u00e9bec (PLQ) et Lactanet.<\/p>\n\n\n\n<div class=\"wp-block-buttons is-layout-flex wp-block-buttons-is-layout-flex\">\n<div class=\"wp-block-button\"><a class=\"wp-block-button__link wp-element-button\" href=\"https:\/\/wp.well-e.org\/a-propos\/\" style=\"padding-top:var(--wp--preset--spacing--30);padding-right:var(--wp--preset--spacing--60);padding-bottom:var(--wp--preset--spacing--30);padding-left:var(--wp--preset--spacing--60)\">EN SAVOIR PLUS <\/a><\/div>\n<\/div>\n<\/div>\n\n\n\n<div style=\"height:71px\" aria-hidden=\"true\" class=\"wp-block-spacer\"><\/div>\n\n\n\n<!-- Elfsight LinkedIn Feed | WELL-E LinkedIn Feed -->\n<script src=\"https:\/\/elfsightcdn.com\/platform.js\" async><\/script>\n<div class=\"elfsight-app-653768bc-fa78-4eea-8533-7b7f498bc37e\" data-elfsight-app-lazy><\/div>\n\n\n\n<div style=\"height:72px\" aria-hidden=\"true\" class=\"wp-block-spacer\"><\/div>\n\n\n\n<div class=\"wp-block-group is-vertical is-content-justification-center is-layout-flex wp-container-core-group-is-layout-33704652 wp-block-group-is-layout-flex\">\n<div class=\"wp-block-group is-content-justification-space-between is-nowrap is-layout-flex wp-container-core-group-is-layout-25ded0c2 wp-block-group-is-layout-flex\">\n<figure class=\"wp-block-image size-full is-resized has-custom-border is-style-default\"><a href=\"https:\/\/www.mcgill.ca\/\"><img loading=\"lazy\" decoding=\"async\" width=\"261\" height=\"66\" src=\"https:\/\/wp.well-e.org\/wp-content\/uploads\/2024\/05\/mcgill.png\" alt=\"\" class=\"wp-image-110\" style=\"border-style:none;border-width:0px;width:auto;height:75px\"\/><\/a><\/figure>\n\n\n\n<figure class=\"wp-block-image size-full is-resized\"><a href=\"https:\/\/uqam.ca\/\"><img loading=\"lazy\" decoding=\"async\" width=\"187\" height=\"62\" src=\"https:\/\/wp.well-e.org\/wp-content\/uploads\/2024\/05\/uqam.png\" alt=\"\" class=\"wp-image-115\" style=\"width:auto;height:75px\"\/><\/a><\/figure>\n\n\n\n<figure class=\"wp-block-image size-full is-resized\"><a href=\"https:\/\/www.nserc-crsng.gc.ca\/\"><img loading=\"lazy\" decoding=\"async\" width=\"176\" height=\"72\" src=\"https:\/\/wp.well-e.org\/wp-content\/uploads\/2024\/05\/nserc-crsng.png\" alt=\"\" class=\"wp-image-112\" style=\"width:auto;height:75px\"\/><\/a><\/figure>\n\n\n\n<figure class=\"wp-block-image size-full is-resized\"><a href=\"https:\/\/promptinnov.com\/\"><img loading=\"lazy\" decoding=\"async\" width=\"164\" height=\"60\" src=\"https:\/\/wp.well-e.org\/wp-content\/uploads\/2024\/05\/prompt.png\" alt=\"\" class=\"wp-image-114\" style=\"width:auto;height:75px\"\/><\/a><\/figure>\n<\/div>\n\n\n\n<div class=\"wp-block-group is-content-justification-space-between is-nowrap is-layout-flex wp-container-core-group-is-layout-25ded0c2 wp-block-group-is-layout-flex\">\n<figure class=\"wp-block-image size-full is-resized\"><a href=\"https:\/\/novalait.ca\/\"><img loading=\"lazy\" decoding=\"async\" width=\"2050\" height=\"667\" src=\"https:\/\/wp.well-e.org\/wp-content\/uploads\/2024\/05\/novalait.png\" alt=\"\" class=\"wp-image-111\" style=\"width:auto;height:75px\" srcset=\"https:\/\/wp.well-e.org\/wp-content\/uploads\/2024\/05\/novalait.png 2050w, https:\/\/wp.well-e.org\/wp-content\/uploads\/2024\/05\/novalait-300x98.png 300w, https:\/\/wp.well-e.org\/wp-content\/uploads\/2024\/05\/novalait-1024x333.png 1024w, https:\/\/wp.well-e.org\/wp-content\/uploads\/2024\/05\/novalait-768x250.png 768w, https:\/\/wp.well-e.org\/wp-content\/uploads\/2024\/05\/novalait-1536x500.png 1536w, https:\/\/wp.well-e.org\/wp-content\/uploads\/2024\/05\/novalait-2048x666.png 2048w\" sizes=\"auto, (max-width: 2050px) 100vw, 2050px\" \/><\/a><\/figure>\n\n\n\n<figure class=\"wp-block-image size-full is-resized\"><a href=\"https:\/\/dairyfarmersofcanada.ca\/\"><img loading=\"lazy\" decoding=\"async\" width=\"66\" height=\"46\" src=\"https:\/\/wp.well-e.org\/wp-content\/uploads\/2024\/05\/producteurs-laitier.png\" alt=\"\" class=\"wp-image-116\" style=\"width:auto;height:75px\"\/><\/a><\/figure>\n\n\n\n<figure class=\"wp-block-image size-full is-resized has-custom-border is-style-default\"><a href=\"https:\/\/new.milk.org\/\"><img loading=\"lazy\" decoding=\"async\" width=\"150\" height=\"151\" src=\"https:\/\/wp.well-e.org\/wp-content\/uploads\/2024\/05\/dairy-farmers.png\" alt=\"\" class=\"wp-image-109\" style=\"border-radius:0px;width:auto;height:75px\"\/><\/a><\/figure>\n\n\n\n<figure class=\"wp-block-image size-full is-resized\"><a href=\"https:\/\/www.lafamilledulait.com\/\"><img loading=\"lazy\" decoding=\"async\" width=\"219\" height=\"141\" src=\"https:\/\/wp.well-e.org\/wp-content\/uploads\/2024\/05\/producteurs-lait-qc.png\" alt=\"\" class=\"wp-image-113\" style=\"width:auto;height:75px\"\/><\/a><\/figure>\n\n\n\n<figure class=\"wp-block-image size-full is-resized\"><a href=\"https:\/\/lactanet.ca\/\"><img loading=\"lazy\" decoding=\"async\" width=\"336\" height=\"116\" src=\"https:\/\/wp.well-e.org\/wp-content\/uploads\/2024\/05\/lactanet.png\" alt=\"\" class=\"wp-image-117\" style=\"width:217px;height:auto\" srcset=\"https:\/\/wp.well-e.org\/wp-content\/uploads\/2024\/05\/lactanet.png 336w, https:\/\/wp.well-e.org\/wp-content\/uploads\/2024\/05\/lactanet-300x104.png 300w\" sizes=\"auto, (max-width: 336px) 100vw, 336px\" \/><\/a><\/figure>\n<\/div>\n<\/div>\n\n\n\n<div style=\"height:71px\" aria-hidden=\"true\" class=\"wp-block-spacer\"><\/div>\n","protected":false},"excerpt":{"rendered":"<p>WELL-E : Chaire recherche-innovation en bien-\u00eatre animal et intelligence artificielle WELL-E, la premi\u00e8re chaire de recherche de son genre en bien-\u00eatre animal et en intelligence artificielle, r\u00e9alisera des innovations de pointe en informatique pour am\u00e9liorer le bien-\u00eatre et la long\u00e9vit\u00e9 des vaches laiti\u00e8res au Canada. Cette initiative de cinq ans est financ\u00e9e par le programme [&hellip;]<\/p>\n","protected":false},"author":1,"featured_media":0,"parent":0,"menu_order":0,"comment_status":"closed","ping_status":"closed","template":"","meta":{"_acf_changed":false,"_crdt_document":"","footnotes":""},"class_list":["post-707","page","type-page","status-publish","hentry"],"blocksy_meta":{"disable_header":"no","page_structure_type":"default","styles_descriptor":{"styles":{"desktop":"","tablet":"","mobile":""},"google_fonts":[],"version":6}},"acf":[],"yoast_head":"<!-- This site is optimized with the Yoast SEO plugin v27.4 - https:\/\/yoast.com\/product\/yoast-seo-wordpress\/ -->\n<title>- WELL-E<\/title>\n<meta name=\"robots\" content=\"index, follow, max-snippet:-1, max-image-preview:large, max-video-preview:-1\" \/>\n<link rel=\"canonical\" href=\"https:\/\/wp.well-e.org\/fr\/\" \/>\n<meta property=\"og:locale\" content=\"fr_CA\" \/>\n<meta property=\"og:type\" content=\"article\" \/>\n<meta property=\"og:title\" content=\"- WELL-E\" \/>\n<meta property=\"og:description\" content=\"WELL-E : Chaire recherche-innovation en bien-\u00eatre animal et intelligence artificielle WELL-E, la premi\u00e8re chaire de recherche de son genre en bien-\u00eatre animal et en intelligence artificielle, r\u00e9alisera des innovations de pointe en informatique pour am\u00e9liorer le bien-\u00eatre et la long\u00e9vit\u00e9 des vaches laiti\u00e8res au Canada. Cette initiative de cinq ans est financ\u00e9e par le programme [&hellip;]\" \/>\n<meta property=\"og:url\" content=\"https:\/\/wp.well-e.org\/fr\/\" \/>\n<meta property=\"og:site_name\" content=\"WELL-E\" \/>\n<meta property=\"article:modified_time\" content=\"2026-02-04T19:01:05+00:00\" \/>\n<meta property=\"og:image\" content=\"https:\/\/wp.well-e.org\/wp-content\/uploads\/2024\/05\/mcgill.png\" \/>\n<meta name=\"twitter:card\" content=\"summary_large_image\" \/>\n<meta name=\"twitter:label1\" content=\"Est. reading time\" \/>\n\t<meta name=\"twitter:data1\" content=\"3 minutes\" \/>\n<script type=\"application\/ld+json\" class=\"yoast-schema-graph\">{\"@context\":\"https:\\\/\\\/schema.org\",\"@graph\":[{\"@type\":\"WebPage\",\"@id\":\"https:\\\/\\\/wp.well-e.org\\\/\",\"url\":\"https:\\\/\\\/wp.well-e.org\\\/\",\"name\":\"- WELL-E\",\"isPartOf\":{\"@id\":\"https:\\\/\\\/wp.well-e.org\\\/#website\"},\"primaryImageOfPage\":{\"@id\":\"https:\\\/\\\/wp.well-e.org\\\/#primaryimage\"},\"image\":{\"@id\":\"https:\\\/\\\/wp.well-e.org\\\/#primaryimage\"},\"thumbnailUrl\":\"https:\\\/\\\/wp.well-e.org\\\/wp-content\\\/uploads\\\/2024\\\/05\\\/mcgill.png\",\"datePublished\":\"2024-08-08T22:05:27+00:00\",\"dateModified\":\"2026-02-04T19:01:05+00:00\",\"inLanguage\":\"fr-CA\",\"potentialAction\":[{\"@type\":\"ReadAction\",\"target\":[\"https:\\\/\\\/wp.well-e.org\\\/\"]}]},{\"@type\":\"ImageObject\",\"inLanguage\":\"fr-CA\",\"@id\":\"https:\\\/\\\/wp.well-e.org\\\/#primaryimage\",\"url\":\"https:\\\/\\\/wp.well-e.org\\\/wp-content\\\/uploads\\\/2024\\\/05\\\/mcgill.png\",\"contentUrl\":\"https:\\\/\\\/wp.well-e.org\\\/wp-content\\\/uploads\\\/2024\\\/05\\\/mcgill.png\"},{\"@type\":\"WebSite\",\"@id\":\"https:\\\/\\\/wp.well-e.org\\\/#website\",\"url\":\"https:\\\/\\\/wp.well-e.org\\\/\",\"name\":\"WELL-E\",\"description\":\"IA au service du bien-&ecirc;tre animal\",\"publisher\":{\"@id\":\"https:\\\/\\\/wp.well-e.org\\\/#organization\"},\"potentialAction\":[{\"@type\":\"SearchAction\",\"target\":{\"@type\":\"EntryPoint\",\"urlTemplate\":\"https:\\\/\\\/wp.well-e.org\\\/?s={search_term_string}\"},\"query-input\":{\"@type\":\"PropertyValueSpecification\",\"valueRequired\":true,\"valueName\":\"search_term_string\"}}],\"inLanguage\":\"fr-CA\"},{\"@type\":\"Organization\",\"@id\":\"https:\\\/\\\/wp.well-e.org\\\/#organization\",\"name\":\"WELL-E\",\"url\":\"https:\\\/\\\/wp.well-e.org\\\/\",\"logo\":{\"@type\":\"ImageObject\",\"inLanguage\":\"fr-CA\",\"@id\":\"https:\\\/\\\/wp.well-e.org\\\/#\\\/schema\\\/logo\\\/image\\\/\",\"url\":\"https:\\\/\\\/wp.well-e.org\\\/wp-content\\\/uploads\\\/2024\\\/05\\\/LOGOTYPETAG_Left_RVB_FR-edited-1-e1718738358443.png\",\"contentUrl\":\"https:\\\/\\\/wp.well-e.org\\\/wp-content\\\/uploads\\\/2024\\\/05\\\/LOGOTYPETAG_Left_RVB_FR-edited-1-e1718738358443.png\",\"width\":1000,\"height\":250,\"caption\":\"WELL-E\"},\"image\":{\"@id\":\"https:\\\/\\\/wp.well-e.org\\\/#\\\/schema\\\/logo\\\/image\\\/\"},\"sameAs\":[\"https:\\\/\\\/www.linkedin.com\\\/company\\\/research-and-innovation-chair-in-animal-welfare-and-artificial-intelligence-well-e\"]}]}<\/script>\n<!-- \/ Yoast SEO plugin. -->","yoast_head_json":{"title":"- WELL-E","robots":{"index":"index","follow":"follow","max-snippet":"max-snippet:-1","max-image-preview":"max-image-preview:large","max-video-preview":"max-video-preview:-1"},"canonical":"https:\/\/wp.well-e.org\/fr\/","og_locale":"fr_CA","og_type":"article","og_title":"- WELL-E","og_description":"WELL-E : Chaire recherche-innovation en bien-\u00eatre animal et intelligence artificielle WELL-E, la premi\u00e8re chaire de recherche de son genre en bien-\u00eatre animal et en intelligence artificielle, r\u00e9alisera des innovations de pointe en informatique pour am\u00e9liorer le bien-\u00eatre et la long\u00e9vit\u00e9 des vaches laiti\u00e8res au Canada. Cette initiative de cinq ans est financ\u00e9e par le programme [&hellip;]","og_url":"https:\/\/wp.well-e.org\/fr\/","og_site_name":"WELL-E","article_modified_time":"2026-02-04T19:01:05+00:00","og_image":[{"url":"https:\/\/wp.well-e.org\/wp-content\/uploads\/2024\/05\/mcgill.png","type":"","width":"","height":""}],"twitter_card":"summary_large_image","twitter_misc":{"Est. reading time":"3 minutes"},"schema":{"@context":"https:\/\/schema.org","@graph":[{"@type":"WebPage","@id":"https:\/\/wp.well-e.org\/","url":"https:\/\/wp.well-e.org\/","name":"- WELL-E","isPartOf":{"@id":"https:\/\/wp.well-e.org\/#website"},"primaryImageOfPage":{"@id":"https:\/\/wp.well-e.org\/#primaryimage"},"image":{"@id":"https:\/\/wp.well-e.org\/#primaryimage"},"thumbnailUrl":"https:\/\/wp.well-e.org\/wp-content\/uploads\/2024\/05\/mcgill.png","datePublished":"2024-08-08T22:05:27+00:00","dateModified":"2026-02-04T19:01:05+00:00","inLanguage":"fr-CA","potentialAction":[{"@type":"ReadAction","target":["https:\/\/wp.well-e.org\/"]}]},{"@type":"ImageObject","inLanguage":"fr-CA","@id":"https:\/\/wp.well-e.org\/#primaryimage","url":"https:\/\/wp.well-e.org\/wp-content\/uploads\/2024\/05\/mcgill.png","contentUrl":"https:\/\/wp.well-e.org\/wp-content\/uploads\/2024\/05\/mcgill.png"},{"@type":"WebSite","@id":"https:\/\/wp.well-e.org\/#website","url":"https:\/\/wp.well-e.org\/","name":"WELL-E","description":"IA au service du bien-&ecirc;tre animal","publisher":{"@id":"https:\/\/wp.well-e.org\/#organization"},"potentialAction":[{"@type":"SearchAction","target":{"@type":"EntryPoint","urlTemplate":"https:\/\/wp.well-e.org\/?s={search_term_string}"},"query-input":{"@type":"PropertyValueSpecification","valueRequired":true,"valueName":"search_term_string"}}],"inLanguage":"fr-CA"},{"@type":"Organization","@id":"https:\/\/wp.well-e.org\/#organization","name":"WELL-E","url":"https:\/\/wp.well-e.org\/","logo":{"@type":"ImageObject","inLanguage":"fr-CA","@id":"https:\/\/wp.well-e.org\/#\/schema\/logo\/image\/","url":"https:\/\/wp.well-e.org\/wp-content\/uploads\/2024\/05\/LOGOTYPETAG_Left_RVB_FR-edited-1-e1718738358443.png","contentUrl":"https:\/\/wp.well-e.org\/wp-content\/uploads\/2024\/05\/LOGOTYPETAG_Left_RVB_FR-edited-1-e1718738358443.png","width":1000,"height":250,"caption":"WELL-E"},"image":{"@id":"https:\/\/wp.well-e.org\/#\/schema\/logo\/image\/"},"sameAs":["https:\/\/www.linkedin.com\/company\/research-and-innovation-chair-in-animal-welfare-and-artificial-intelligence-well-e"]}]}},"_links":{"self":[{"href":"https:\/\/wp.well-e.org\/fr\/wp-json\/wp\/v2\/pages\/707","targetHints":{"allow":["GET"]}}],"collection":[{"href":"https:\/\/wp.well-e.org\/fr\/wp-json\/wp\/v2\/pages"}],"about":[{"href":"https:\/\/wp.well-e.org\/fr\/wp-json\/wp\/v2\/types\/page"}],"author":[{"embeddable":true,"href":"https:\/\/wp.well-e.org\/fr\/wp-json\/wp\/v2\/users\/1"}],"replies":[{"embeddable":true,"href":"https:\/\/wp.well-e.org\/fr\/wp-json\/wp\/v2\/comments?post=707"}],"version-history":[{"count":53,"href":"https:\/\/wp.well-e.org\/fr\/wp-json\/wp\/v2\/pages\/707\/revisions"}],"predecessor-version":[{"id":2266,"href":"https:\/\/wp.well-e.org\/fr\/wp-json\/wp\/v2\/pages\/707\/revisions\/2266"}],"wp:attachment":[{"href":"https:\/\/wp.well-e.org\/fr\/wp-json\/wp\/v2\/media?parent=707"}],"curies":[{"name":"wp","href":"https:\/\/api.w.org\/{rel}","templated":true}]}}